{"id":42183,"date":"2025-12-22T21:35:21","date_gmt":"2025-12-22T19:35:21","guid":{"rendered":"https:\/\/tammejuure.ee\/?post_type=product&#038;p=42183"},"modified":"2026-01-03T19:57:36","modified_gmt":"2026-01-03T17:57:36","slug":"loikelaud","status":"publish","type":"product","link":"https:\/\/tammejuure.ee\/ru\/product\/loikelaud\/","title":{"rendered":"L\u00f5ikelaud"},"content":{"rendered":"<p>Materjal: saar v\u00f5i vaher<\/p>\n<p>Tegemist on k\u00e4sit\u00f6\u00f6na, hoole ja armastusega valminud l\u00f5ikelauad.<\/p>\n<p>Puit on t\u00f6\u00f6deldud kvaliteetse l\u00f5ikelaua vahaga. L\u00f5ikelaua \u00f5li p\u00f5hineb taimsetel \u00f5lidel ja vahadel. Mikropoorne pind v\u00f5imaldab puidul hingata ning v\u00e4hendab paisumist ja kokkut\u00f5mbumist. Vastupidav veini, \u00f5lle, koola, kohvi, tee, piima, mahla, vee plekkidele.<\/p>\n<p>Puit on t\u00f6\u00f6deldud kvaliteetse l\u00f5ikelaua vahaga.<\/p>\n<p>Erineva disainiga \u2013 v\u00f5id kindel olla, et naabril pole sarnast! Sest isegi hiinlased ei suuda identset valmistada \u00fctleb autor Teet.<\/p>\n<p>V\u00f5imalik tellida vastavalt tellija soovitud m\u00f5\u00f5tmetele (hind s\u00f5ltub t\u00f6\u00f6 keerukusest).<\/p>","protected":false},"excerpt":{"rendered":"<p>T\u00e4ispuidust l\u00f5ikelaud<\/p>\n","protected":false},"featured_media":42216,"template":"","meta":[],"product_brand":[],"product_cat":[78],"product_tag":[],"class_list":{"0":"post-42183","1":"product","2":"type-product","3":"status-publish","4":"has-post-thumbnail","6":"product_cat-puidutoo","8":"first","9":"instock","10":"taxable","11":"shipping-taxable","12":"purchasable","13":"product-type-simple"},"_links":{"self":[{"href":"https:\/\/tammejuure.ee\/ru\/wp-json\/wp\/v2\/product\/42183","targetHints":{"allow":["GET"]}}],"collection":[{"href":"https:\/\/tammejuure.ee\/ru\/wp-json\/wp\/v2\/product"}],"about":[{"href":"https:\/\/tammejuure.ee\/ru\/wp-json\/wp\/v2\/types\/product"}],"wp:featuredmedia":[{"embeddable":true,"href":"https:\/\/tammejuure.ee\/ru\/wp-json\/wp\/v2\/media\/42216"}],"wp:attachment":[{"href":"https:\/\/tammejuure.ee\/ru\/wp-json\/wp\/v2\/media?parent=42183"}],"wp:term":[{"taxonomy":"product_brand","embeddable":true,"href":"https:\/\/tammejuure.ee\/ru\/wp-json\/wp\/v2\/product_brand?post=42183"},{"taxonomy":"product_cat","embeddable":true,"href":"https:\/\/tammejuure.ee\/ru\/wp-json\/wp\/v2\/product_cat?post=42183"},{"taxonomy":"product_tag","embeddable":true,"href":"https:\/\/tammejuure.ee\/ru\/wp-json\/wp\/v2\/product_tag?post=42183"}],"curies":[{"name":"wp","href":"https:\/\/api.w.org\/{rel}","templated":true}]}}