{"id":188,"date":"2017-05-27T17:21:41","date_gmt":"2017-05-27T14:21:41","guid":{"rendered":"https:\/\/tammejuure.ee\/?page_id=188"},"modified":"2022-05-10T10:16:15","modified_gmt":"2022-05-10T07:16:15","slug":"tegemised","status":"publish","type":"page","link":"https:\/\/tammejuure.ee\/ru\/tegemised\/","title":{"rendered":"\u0427\u0442\u043e \u0434\u0435\u043b\u0430\u0442\u044c"},"content":{"rendered":"<p>\u0421\u043b\u0435\u0434\u0443\u0439\u0442\u0435 \u0437\u0430 \u043d\u0430\u043c\u0438:<\/p>\r\n<p><a href=\"https:\/\/www.facebook.com\/TammejuureMahetalu\/\"><img loading=\"lazy\" decoding=\"async\" class=\" wp-image-2172 alignnone\" src=\"https:\/\/tammejuure.ee\/wp-content\/uploads\/2019\/04\/FB.jpg\" alt=\"\" width=\"485\" height=\"97\" srcset=\"https:\/\/tammejuure.ee\/wp-content\/uploads\/2019\/04\/FB.jpg 886w, https:\/\/tammejuure.ee\/wp-content\/uploads\/2019\/04\/FB-300x60.jpg 300w, https:\/\/tammejuure.ee\/wp-content\/uploads\/2019\/04\/FB-768x153.jpg 768w, https:\/\/tammejuure.ee\/wp-content\/uploads\/2019\/04\/FB-600x120.jpg 600w\" sizes=\"auto, (max-width: 485px) 100vw, 485px\" \/><\/a><\/p>\r\n<p><img loading=\"lazy\" decoding=\"async\" class=\"wp-image-2173 alignnone\" src=\"https:\/\/tammejuure.ee\/wp-content\/uploads\/2019\/04\/Instagram.jpg\" alt=\"\" width=\"409\" height=\"112\" srcset=\"https:\/\/tammejuure.ee\/wp-content\/uploads\/2019\/04\/Instagram.jpg 5967w, https:\/\/tammejuure.ee\/wp-content\/uploads\/2019\/04\/Instagram-300x82.jpg 300w, https:\/\/tammejuure.ee\/wp-content\/uploads\/2019\/04\/Instagram-768x211.jpg 768w, https:\/\/tammejuure.ee\/wp-content\/uploads\/2019\/04\/Instagram-1024x281.jpg 1024w, https:\/\/tammejuure.ee\/wp-content\/uploads\/2019\/04\/Instagram-2000x549.jpg 2000w, https:\/\/tammejuure.ee\/wp-content\/uploads\/2019\/04\/Instagram-600x165.jpg 600w\" sizes=\"auto, (max-width: 409px) 100vw, 409px\" \/><\/p>\r\n<p>&nbsp;<\/p>\r\n<p>&nbsp;<\/p>\r\n<section id=\"recent-posts-widget-with-thumbnails-2\" class=\"widget recent-posts-widget-with-thumbnails amr_widget\">\n<div id=\"rpwwt-recent-posts-widget-with-thumbnails-2\" class=\"rpwwt-widget\">\r\n\t<ul>\r\n\t\t<li><a href=\"https:\/\/tammejuure.ee\/ru\/2020\/03\/24\/aabitsanaitus\/\"><img loading=\"lazy\" decoding=\"async\" width=\"600\" height=\"400\" src=\"https:\/\/tammejuure.ee\/wp-content\/uploads\/2020\/03\/89539165_2769681043149431_3703510025432465408_n-600x400.jpg\" class=\"attachment-bakes-and-cakes-about-thumb size-bakes-and-cakes-about-thumb wp-post-image\" alt=\"\" \/><span class=\"rpwwt-post-title\">(Eesti) Aabitsan\u00e4itus<\/span><\/a><div class=\"rpwwt-post-excerpt\">\u0418\u0437\u0432\u0438\u043d\u0438\u0442\u0435, \u044d\u0442\u043e\u0442 \u0442\u0435\u043a\u0441\u0442 \u0434\u043e\u0441\u0442\u0443\u043f\u0435\u043d \u0442\u043e\u043b\u044c\u043a\u043e \u043d\u0430 &ldquo;Eesti&rdquo;.<span class=\"rpwwt-post-excerpt-more\"> [\u2026]<\/span><\/div><\/li>\r\n\t\t<li><a href=\"https:\/\/tammejuure.ee\/ru\/2019\/09\/14\/olid-jahud-helbed-kanepitooted-koik-uhest-mahetalust\/\"><img loading=\"lazy\" decoding=\"async\" width=\"600\" height=\"400\" src=\"https:\/\/tammejuure.ee\/wp-content\/uploads\/2019\/09\/Tammejuure-mahetalu-FB-cover-2023-v3-600x400.jpeg\" class=\"attachment-bakes-and-cakes-about-thumb size-bakes-and-cakes-about-thumb wp-post-image\" alt=\"\" \/><span class=\"rpwwt-post-title\">(Eesti) \u00d5lid, jahud, helbed, kanepitooted &#8212; k\u00f5ik \u00fchest mahetalust!<\/span><\/a><div class=\"rpwwt-post-excerpt\">\u0418\u0437\u0432\u0438\u043d\u0438\u0442\u0435, \u044d\u0442\u043e\u0442 \u0442\u0435\u043a\u0441\u0442 \u0434\u043e\u0441\u0442\u0443\u043f\u0435\u043d \u0442\u043e\u043b\u044c\u043a\u043e \u043d\u0430 &ldquo;Eesti&rdquo;.<span class=\"rpwwt-post-excerpt-more\"> [\u2026]<\/span><\/div><\/li>\r\n\t\t<li><a href=\"https:\/\/tammejuure.ee\/ru\/2019\/07\/26\/tammejuure-mahetalu-on-parim-mahetootja-2018\/\"><img loading=\"lazy\" decoding=\"async\" width=\"600\" height=\"400\" src=\"https:\/\/tammejuure.ee\/wp-content\/uploads\/2019\/07\/Tammejuure-tegemised-2-600x400.jpg\" class=\"attachment-bakes-and-cakes-about-thumb size-bakes-and-cakes-about-thumb wp-post-image\" alt=\"\" \/><span class=\"rpwwt-post-title\">(Eesti) Tammejuure Mahetalu on Parim Mahetootja 2018<\/span><\/a><div class=\"rpwwt-post-excerpt\">\u0418\u0437\u0432\u0438\u043d\u0438\u0442\u0435, \u044d\u0442\u043e\u0442 \u0442\u0435\u043a\u0441\u0442 \u0434\u043e\u0441\u0442\u0443\u043f\u0435\u043d \u0442\u043e\u043b\u044c\u043a\u043e \u043d\u0430 &ldquo;Eesti&rdquo;.<span class=\"rpwwt-post-excerpt-more\"> [\u2026]<\/span><\/div><\/li>\r\n\t\t<li><a href=\"https:\/\/tammejuure.ee\/ru\/2019\/07\/16\/tule-kulla-sel-puhapaeval\/\"><img loading=\"lazy\" decoding=\"async\" width=\"600\" height=\"399\" src=\"https:\/\/tammejuure.ee\/wp-content\/uploads\/2019\/07\/Tammejuure-kutsub-k\u00fclla-kodulehele-600x399.jpg\" class=\"attachment-bakes-and-cakes-about-thumb size-bakes-and-cakes-about-thumb wp-post-image\" alt=\"\" \/><span class=\"rpwwt-post-title\">Tule k\u00fclla sel p\u00fchap\u00e4eval<\/span><\/a><div class=\"rpwwt-post-excerpt\">Sel p\u00fchap\u00e4eval, 21. juulil avab uksed Parim Mahetootja 2018 auhinna p\u00e4lvinud Tammejuure Mahetalu. N\u00e4idatakse vastvalminud mahevilja terminali ja <span class=\"rpwwt-post-excerpt-more\"> [\u2026]<\/span><\/div><\/li>\r\n\t\t<li><a href=\"https:\/\/tammejuure.ee\/ru\/2018\/09\/02\/1491\/\"><img loading=\"lazy\" decoding=\"async\" width=\"600\" height=\"400\" src=\"https:\/\/tammejuure.ee\/wp-content\/uploads\/2018\/09\/Tammejuure-tooted-2018-laiem-600x400.jpg\" class=\"attachment-bakes-and-cakes-about-thumb size-bakes-and-cakes-about-thumb wp-post-image\" alt=\"\" \/><span class=\"rpwwt-post-title\">Tammejuurel juba 30 toodet<\/span><\/a><div class=\"rpwwt-post-excerpt\">\u0418\u0437\u0432\u0438\u043d\u0438\u0442\u0435, \u044d\u0442\u043e\u0442 \u0442\u0435\u043a\u0441\u0442 \u0434\u043e\u0441\u0442\u0443\u043f\u0435\u043d \u0442\u043e\u043b\u044c\u043a\u043e \u043d\u0430 &ldquo;Eesti&rdquo;.<span class=\"rpwwt-post-excerpt-more\"> [\u2026]<\/span><\/div><\/li>\r\n\t<\/ul>\r\n<\/div><!-- .rpwwt-widget -->\r\n<\/section>\r\n\r\n<p>&nbsp;<\/p>\r\n","protected":false},"excerpt":{"rendered":"<p>\u0421\u043b\u0435\u0434\u0443\u0439\u0442\u0435 \u0437\u0430 \u043d\u0430\u043c\u0438: &nbsp; &nbsp; &nbsp;<\/p>\n","protected":false},"author":3,"featured_media":0,"parent":0,"menu_order":0,"comment_status":"closed","ping_status":"closed","template":"","meta":{"footnotes":""},"class_list":["post-188","page","type-page","status-publish","hentry"],"_links":{"self":[{"href":"https:\/\/tammejuure.ee\/ru\/wp-json\/wp\/v2\/pages\/188","targetHints":{"allow":["GET"]}}],"collection":[{"href":"https:\/\/tammejuure.ee\/ru\/wp-json\/wp\/v2\/pages"}],"about":[{"href":"https:\/\/tammejuure.ee\/ru\/wp-json\/wp\/v2\/types\/page"}],"author":[{"embeddable":true,"href":"https:\/\/tammejuure.ee\/ru\/wp-json\/wp\/v2\/users\/3"}],"replies":[{"embeddable":true,"href":"https:\/\/tammejuure.ee\/ru\/wp-json\/wp\/v2\/comments?post=188"}],"version-history":[{"count":20,"href":"https:\/\/tammejuure.ee\/ru\/wp-json\/wp\/v2\/pages\/188\/revisions"}],"predecessor-version":[{"id":27964,"href":"https:\/\/tammejuure.ee\/ru\/wp-json\/wp\/v2\/pages\/188\/revisions\/27964"}],"wp:attachment":[{"href":"https:\/\/tammejuure.ee\/ru\/wp-json\/wp\/v2\/media?parent=188"}],"curies":[{"name":"wp","href":"https:\/\/api.w.org\/{rel}","templated":true}]}}