{"id":41772,"date":"2025-10-17T08:52:33","date_gmt":"2025-10-17T05:52:33","guid":{"rendered":"https:\/\/tammejuure.ee\/?post_type=product&#038;p=41772"},"modified":"2026-04-01T10:27:01","modified_gmt":"2026-04-01T07:27:01","slug":"ouna-pihlaka-jahu-100g","status":"publish","type":"product","link":"https:\/\/tammejuure.ee\/en\/product\/ouna-pihlaka-jahu-100g\/","title":{"rendered":"(Eesti) \u00d5una-pihlaka jahu 100g"},"content":{"rendered":"<p>Koduaia \u00f5unadest valmistatud \u00f5unajahu<\/p>","protected":false},"excerpt":{"rendered":"<p>\u00d5unajahu<\/p>\n","protected":false},"featured_media":41797,"template":"","meta":[],"product_brand":[],"product_cat":[76],"product_tag":[],"class_list":{"0":"post-41772","1":"product","2":"type-product","3":"status-publish","4":"has-post-thumbnail","6":"product_cat-hoidised","8":"first","9":"instock","10":"taxable","11":"shipping-taxable","12":"purchasable","13":"product-type-simple"},"_links":{"self":[{"href":"https:\/\/tammejuure.ee\/en\/wp-json\/wp\/v2\/product\/41772","targetHints":{"allow":["GET"]}}],"collection":[{"href":"https:\/\/tammejuure.ee\/en\/wp-json\/wp\/v2\/product"}],"about":[{"href":"https:\/\/tammejuure.ee\/en\/wp-json\/wp\/v2\/types\/product"}],"wp:featuredmedia":[{"embeddable":true,"href":"https:\/\/tammejuure.ee\/en\/wp-json\/wp\/v2\/media\/41797"}],"wp:attachment":[{"href":"https:\/\/tammejuure.ee\/en\/wp-json\/wp\/v2\/media?parent=41772"}],"wp:term":[{"taxonomy":"product_brand","embeddable":true,"href":"https:\/\/tammejuure.ee\/en\/wp-json\/wp\/v2\/product_brand?post=41772"},{"taxonomy":"product_cat","embeddable":true,"href":"https:\/\/tammejuure.ee\/en\/wp-json\/wp\/v2\/product_cat?post=41772"},{"taxonomy":"product_tag","embeddable":true,"href":"https:\/\/tammejuure.ee\/en\/wp-json\/wp\/v2\/product_tag?post=41772"}],"curies":[{"name":"wp","href":"https:\/\/api.w.org\/{rel}","templated":true}]}}