{"id":22857,"date":"2020-11-18T10:39:55","date_gmt":"2020-11-18T08:39:55","guid":{"rendered":"https:\/\/tammejuure.ee\/?post_type=product&#038;p=22857"},"modified":"2026-04-11T23:07:15","modified_gmt":"2026-04-11T20:07:15","slug":"toortatramanna-oko","status":"publish","type":"product","link":"https:\/\/tammejuure.ee\/en\/product\/toortatramanna-oko\/","title":{"rendered":"Buckwheat semolina (organic)"},"content":{"rendered":"<p><\/p>\n<ul>\n<li>Jahvatatud kuumt\u00f6\u00f6tlemata mahe tatrast<\/li>\n<li>Sobib leiva, pannkookide, k\u00fcpsetiste, pudru ja toidu valmistamiseks, paneerimiseks<\/li>\n<li>S\u00f5reda tekstuuriga tatrajahvatis<\/li>\n<li>Sobib neile, kes ei eelista nisujahu<\/li>\n<li>100% \u00f6koloogiliselt toodetud ja L\u00e4\u00e4nemaal kasvatatud tooraine<\/li>\n<li>S\u00e4ilitada kuivas<\/li>\n<\/ul>\n<p>&nbsp;<\/p>\n<p>Toote valmistamiseks on kasutatud p\u00e4ikeseelektrijaama poolt toodetud taastuvenergiat. Tooraine kuivatatakse p\u00f5llult saabudes biokatla sooja \u00f5huga ehk samuti taastuvenergiat kasutades (tavaliselt k\u00f6etakse viljakuivateid diiselk\u00fctusega v\u00f5i gaasiga). Tammejuure tootmisviis tagab v\u00e4iksema \u00f6koloogilise jalaj\u00e4lje \u2013 j\u00e4tame tulevastele p\u00f5lvedele puhtama keskkonna!<\/p>\n<p><img loading=\"lazy\" decoding=\"async\" class=\"wp-image-30758 alignnone\" src=\"https:\/\/tammejuure.ee\/wp-content\/uploads\/2020\/11\/Okomargid-2023.jpg\" alt=\"\" width=\"146\" height=\"92\" \/><\/p>\n<p>&nbsp;<\/p>\n<p>Saadaval erinevad kogused vastavalt soovile, k\u00fcsi pakkumist!<\/p>\n<p>&nbsp;<\/p>\n<p><strong>Toode on m\u00fc\u00fcgil:<\/strong><\/p>\n<p>&nbsp;<\/p>\n<p><strong>Viljandis:<\/strong><\/p>\n<ul>\n<li>Etnoait (Tallinna tn 3\/1)<\/li>\n<\/ul>\n<p>&nbsp;<\/p>\n<p><strong>Haapsalus:<\/strong><\/p>\n<ul>\n<li>OTT Kohalik Talupood (J\u00fcri\u00f6\u00f6 7)<\/li>\n<li>otse talust ehk siit veebilehelt<\/li>\n<\/ul>\n<p>&nbsp;<\/p>\n<p><strong>Puder<\/strong> (2-inimesele): Pane keema 0,25l piim koos 0,25l veega ja 0,25 tl soolaga. Lisa 150ml mannat, sega 5 minutit, keera kuumus maha ja hauta kaane all 10 minutit. Serveeri v\u00f5isilma, moosi, marjade v\u00f5i idude, seemnetega.<\/p>","protected":false},"excerpt":{"rendered":"<p>Coarse grained buckwheat semolina<\/p>\n","protected":false},"featured_media":42643,"template":"","meta":[],"product_brand":[],"product_cat":[69],"product_tag":[],"class_list":{"0":"post-22857","1":"product","2":"type-product","3":"status-publish","4":"has-post-thumbnail","6":"product_cat-mannad","8":"first","9":"instock","10":"taxable","11":"shipping-taxable","12":"purchasable","13":"product-type-variable","14":"has-default-attributes"},"_links":{"self":[{"href":"https:\/\/tammejuure.ee\/en\/wp-json\/wp\/v2\/product\/22857","targetHints":{"allow":["GET"]}}],"collection":[{"href":"https:\/\/tammejuure.ee\/en\/wp-json\/wp\/v2\/product"}],"about":[{"href":"https:\/\/tammejuure.ee\/en\/wp-json\/wp\/v2\/types\/product"}],"wp:featuredmedia":[{"embeddable":true,"href":"https:\/\/tammejuure.ee\/en\/wp-json\/wp\/v2\/media\/42643"}],"wp:attachment":[{"href":"https:\/\/tammejuure.ee\/en\/wp-json\/wp\/v2\/media?parent=22857"}],"wp:term":[{"taxonomy":"product_brand","embeddable":true,"href":"https:\/\/tammejuure.ee\/en\/wp-json\/wp\/v2\/product_brand?post=22857"},{"taxonomy":"product_cat","embeddable":true,"href":"https:\/\/tammejuure.ee\/en\/wp-json\/wp\/v2\/product_cat?post=22857"},{"taxonomy":"product_tag","embeddable":true,"href":"https:\/\/tammejuure.ee\/en\/wp-json\/wp\/v2\/product_tag?post=22857"}],"curies":[{"name":"wp","href":"https:\/\/api.w.org\/{rel}","templated":true}]}}