{"id":327,"date":"2017-06-18T17:34:06","date_gmt":"2017-06-18T14:34:06","guid":{"rendered":"https:\/\/tammejuure.ee\/?page_id=327"},"modified":"2026-02-18T13:41:14","modified_gmt":"2026-02-18T11:41:14","slug":"jaemuugikohad","status":"publish","type":"page","link":"https:\/\/tammejuure.ee\/en\/jaemuugikohad\/","title":{"rendered":"Retailers"},"content":{"rendered":"<p>You can find our products also from following retailers (organic shops and departments):<\/p>\n<p><img loading=\"lazy\" decoding=\"async\" class=\"aligncenter size-medium wp-image-618\" src=\"https:\/\/tammejuure.ee\/wp-content\/uploads\/2017\/06\/edasim\u00fc\u00fcjad-2017-1-300x155.jpg\" alt=\"\" width=\"300\" height=\"155\" srcset=\"https:\/\/tammejuure.ee\/wp-content\/uploads\/2017\/06\/edasim\u00fc\u00fcjad-2017-1-300x155.jpg 300w, https:\/\/tammejuure.ee\/wp-content\/uploads\/2017\/06\/edasim\u00fc\u00fcjad-2017-1-600x309.jpg 600w, https:\/\/tammejuure.ee\/wp-content\/uploads\/2017\/06\/edasim\u00fc\u00fcjad-2017-1.jpg 673w\" sizes=\"auto, (max-width: 300px) 100vw, 300px\" \/><\/p>\n<ul>\n<li>SELVER<\/li>\n<li>RIMI Talu Toidab department<\/li>\n<li>PRISMA (Rocca Al Mare, Lasnam\u00e4e, Mustam\u00e4e Mustika keskus, Kristiine keskus, Sikupilli keskus, Vanalinna, S\u00f5bra, Annelinna)<\/li>\n<li>BIOMARKET (Tallinna Kaubamaja, Rocca al Mare Keskus, \u00dclemiste Keskus, Solaris keskus, Viimsi keskus, Mustam\u00e4e keskus, Tartu Kesklinna keskus, P\u00e4rnu Port Artur)<\/li>\n<li>BIO4YOU (J\u00e4rve keskus, Foorumi keskus, Arsenali keskus, P\u00e4rnu Kaubamajakas, P\u00f5hjakeskus)<\/li>\n<li>LOODUSPERE (Viru Keskus, Pirita Selver, Tartus L\u00f5unakeskus ja Kvartal ning e-pood)<\/li>\n<li>TALUTURG (Tartu L\u00f5unakeskus, P\u00e4rnu Keskus, V\u00e4ike-J\u00e4rve)<\/li>\n<\/ul>\n<p><strong>Tallinn:<\/strong><\/p>\n<ul>\n<li>\u00d6kosahver (Volta 1)<\/li>\n<li><span class=\"text_exposed_show\">N\u00f5mme Turg sisehoone S\u00f6\u00f6 ja S\u00e4ra lett<\/span><\/li>\n<li>Pihlaka Talukauba O\u00dc (kaup koju k\u00e4tte)<\/li>\n<\/ul>\n<p><span class=\"text_exposed_show\"><strong>Harjumaa:<\/strong><br \/>\n<\/span><\/p>\n<ul>\n<li><span class=\"text_exposed_show\">R\u00f5\u00f5mu Kaubamaja (Haapsalu mnt 75b, Keila)<\/span><\/li>\n<li><span class=\"text_exposed_show\">Kallaste kauplus (Klooga mnt. 7, Tabasalu)<\/span><\/li>\n<li><span class=\"text_exposed_show\">Keila-Joa kauplus (J\u00f5e\u00e4\u00e4re tee 1, Keila-Joa)<\/span><\/li>\n<li><span class=\"text_exposed_show\">Saue Kaubakeskus (Ridva 15, Saue)<\/span><\/li>\n<\/ul>\n<div class=\"text_exposed_show\">\n<p><strong>Tartu:<\/strong><\/p>\n<ul>\n<li>Looduspere (L\u00f5unakeskus ja Kvartal)<\/li>\n<li>Taluturg (L\u00f5unakeskus)<\/li>\n<li>Biomarket (Tartu Keskus)<\/li>\n<li>Via Naturale<\/li>\n<\/ul>\n<p><strong>P\u00e4rnu:<\/strong><\/p>\n<ul>\n<li>Port Artur Delice toidupood (Lai 5)<\/li>\n<li>Taluturg (P\u00e4rnu Keskus)<\/li>\n<li>Bio4You kauplus (Kaubamajakas, Papiniidu 8)<\/li>\n<li>Biomarket (Hommiku 2)<\/li>\n<\/ul>\n<p><strong>Viljandi:<\/strong><\/p>\n<ul>\n<li>Talutoidu Ait (Tallinna tn 3)<\/li>\n<\/ul>\n<p><strong>Rakvere:<\/strong><\/p>\n<ul>\n<li>Bio4You (P\u00f5hjakeskus)<\/li>\n<li>Biore (Laada 3a)<\/li>\n<\/ul>\n<p><strong>J\u00f5geva:<\/strong><\/p>\n<ul>\n<li>Aed &amp; Kodu kauplus (Aia 10)<\/li>\n<\/ul>\n<p><strong>Haapsalu:<\/strong><\/p>\n<ul>\n<li>OTT Kohalik Talupood (J\u00fcri\u00f6\u00f6 7)<\/li>\n<li>Kaubamaja ja Uuem\u00f5isa Konsum<\/li>\n<li>Rannarootsi Selver<\/li>\n<\/ul>\n<\/div>\n","protected":false},"excerpt":{"rendered":"<p>You can find our products also from following retailers (organic shops and departments): SELVER RIMI Talu Toidab department PRISMA (Rocca Al Mare, Lasnam\u00e4e, Mustam\u00e4e Mustika keskus, Kristiine keskus, Sikupilli keskus, Vanalinna, S\u00f5bra, Annelinna) BIOMARKET (Tallinna Kaubamaja, Rocca al Mare Keskus, \u00dclemiste Keskus, Solaris keskus, Viimsi keskus, Mustam\u00e4e keskus, Tartu Kesklinna &hellip; <\/p>\n","protected":false},"author":3,"featured_media":0,"parent":0,"menu_order":0,"comment_status":"closed","ping_status":"closed","template":"","meta":{"footnotes":""},"class_list":["post-327","page","type-page","status-publish","hentry"],"_links":{"self":[{"href":"https:\/\/tammejuure.ee\/en\/wp-json\/wp\/v2\/pages\/327","targetHints":{"allow":["GET"]}}],"collection":[{"href":"https:\/\/tammejuure.ee\/en\/wp-json\/wp\/v2\/pages"}],"about":[{"href":"https:\/\/tammejuure.ee\/en\/wp-json\/wp\/v2\/types\/page"}],"author":[{"embeddable":true,"href":"https:\/\/tammejuure.ee\/en\/wp-json\/wp\/v2\/users\/3"}],"replies":[{"embeddable":true,"href":"https:\/\/tammejuure.ee\/en\/wp-json\/wp\/v2\/comments?post=327"}],"version-history":[{"count":50,"href":"https:\/\/tammejuure.ee\/en\/wp-json\/wp\/v2\/pages\/327\/revisions"}],"predecessor-version":[{"id":42732,"href":"https:\/\/tammejuure.ee\/en\/wp-json\/wp\/v2\/pages\/327\/revisions\/42732"}],"wp:attachment":[{"href":"https:\/\/tammejuure.ee\/en\/wp-json\/wp\/v2\/media?parent=327"}],"curies":[{"name":"wp","href":"https:\/\/api.w.org\/{rel}","templated":true}]}}