{"id":183,"date":"2017-05-27T17:18:31","date_gmt":"2017-05-27T14:18:31","guid":{"rendered":"https:\/\/tammejuure.ee\/?page_id=183"},"modified":"2025-10-29T11:04:41","modified_gmt":"2025-10-29T09:04:41","slug":"kontakt","status":"publish","type":"page","link":"https:\/\/tammejuure.ee\/en\/kontakt\/","title":{"rendered":"Contact"},"content":{"rendered":"<div class=\"wpcf7 no-js\" id=\"wpcf7-f253-o1\" lang=\"en-US\" dir=\"ltr\" data-wpcf7-id=\"253\">\n<div class=\"screen-reader-response\"><p role=\"status\" aria-live=\"polite\" aria-atomic=\"true\"><\/p> <ul><\/ul><\/div>\n<form action=\"\/en\/wp-json\/wp\/v2\/pages\/183#wpcf7-f253-o1\" method=\"post\" class=\"wpcf7-form init\" aria-label=\"Contact form\" novalidate=\"novalidate\" data-status=\"init\">\n<fieldset class=\"hidden-fields-container\"><input type=\"hidden\" name=\"_wpcf7\" value=\"253\" \/><input type=\"hidden\" name=\"_wpcf7_version\" value=\"6.1.5\" \/><input type=\"hidden\" name=\"_wpcf7_locale\" value=\"en_US\" \/><input type=\"hidden\" name=\"_wpcf7_unit_tag\" value=\"wpcf7-f253-o1\" \/><input type=\"hidden\" name=\"_wpcf7_container_post\" value=\"0\" \/><input type=\"hidden\" name=\"_wpcf7_posted_data_hash\" value=\"\" \/>\n<\/fieldset>\n<p><label> Nimi *<br \/>\n<span class=\"wpcf7-form-control-wrap\" data-name=\"your-name\"><input size=\"40\" maxlength=\"400\" class=\"wpcf7-form-control wpcf7-text wpcf7-validates-as-required your-name-text-field\" aria-required=\"true\" aria-invalid=\"false\" value=\"\" type=\"text\" name=\"your-name\" \/><\/span><\/label>\n<\/p>\n<p><label> E-Post *<br \/>\n<span class=\"wpcf7-form-control-wrap\" data-name=\"your-email\"><input size=\"40\" maxlength=\"400\" class=\"wpcf7-form-control wpcf7-email wpcf7-validates-as-required wpcf7-text wpcf7-validates-as-email\" aria-required=\"true\" aria-invalid=\"false\" value=\"\" type=\"email\" name=\"your-email\" \/><\/span> <\/label>\n<\/p>\n<p><label> Telefon<br \/>\n<span class=\"wpcf7-form-control-wrap\" data-name=\"your-tel\"><input size=\"40\" maxlength=\"400\" class=\"wpcf7-form-control wpcf7-tel wpcf7-text wpcf7-validates-as-tel\" aria-invalid=\"false\" value=\"\" type=\"tel\" name=\"your-tel\" \/><\/span><br \/>\n<\/label>\n<\/p>\n<p><label> S\u00f5num *<br \/>\n<span class=\"wpcf7-form-control-wrap\" data-name=\"your-message\"><textarea cols=\"40\" rows=\"10\" maxlength=\"2000\" class=\"wpcf7-form-control wpcf7-textarea wpcf7-validates-as-required\" aria-required=\"true\" aria-invalid=\"false\" name=\"your-message\"><\/textarea><\/span> <\/label><br \/>\n<div id=\"cf7sr-69e9f8470c302\" class=\"cf7sr-g-recaptcha\" data-theme=\"light\" data-type=\"image\" data-size=\"normal\" data-sitekey=\"6Lceym0UAAAAAKJRI9z1jxjsckUNkhF5BoRZUO2w\"><\/div><span class=\"wpcf7-form-control-wrap cf7sr-recaptcha\" data-name=\"cf7sr-recaptcha\"><input type=\"hidden\" name=\"cf7sr-recaptcha\" value=\"\" class=\"wpcf7-form-control\"><\/span><br \/>\n<input class=\"wpcf7-form-control wpcf7-submit has-spinner\" type=\"submit\" value=\"Saada\" \/>\n<\/p><div class=\"wpcf7-response-output\" aria-hidden=\"true\"><\/div>\n<\/form>\n<\/div>\n\n<p>Check out other\u00a0<a href=\"https:\/\/tammejuure.ee\/jaemuugikohad\/\">retailers\u00a0of our organic products<\/a><\/p>\n<h3>Contact:<\/h3>\n<p>Tammejuure Talu<\/p>\n<p>Telephone: +372 53056682<\/p>\n<p>E-Mail: tammejuure@tammejuure.ee<\/p>\n<p>Address: Suure-L\u00e4htru village, L\u00e4\u00e4ne-Nigula parish, L\u00e4\u00e4nemaa, 90632 Estonia<\/p>\n<p><img loading=\"lazy\" decoding=\"async\" class=\"wp-image-41847 alignnone\" src=\"https:\/\/tammejuure.ee\/wp-content\/uploads\/2025\/10\/TAMMEJUURE_MAHETALU_12828785_Aripaeva_TOP_2025_Margis_EN-scaled.png\" alt=\"\" width=\"181\" height=\"181\" srcset=\"https:\/\/tammejuure.ee\/wp-content\/uploads\/2025\/10\/TAMMEJUURE_MAHETALU_12828785_Aripaeva_TOP_2025_Margis_EN-scaled.png 2560w, https:\/\/tammejuure.ee\/wp-content\/uploads\/2025\/10\/TAMMEJUURE_MAHETALU_12828785_Aripaeva_TOP_2025_Margis_EN-300x300.png 300w, https:\/\/tammejuure.ee\/wp-content\/uploads\/2025\/10\/TAMMEJUURE_MAHETALU_12828785_Aripaeva_TOP_2025_Margis_EN-1024x1024.png 1024w, https:\/\/tammejuure.ee\/wp-content\/uploads\/2025\/10\/TAMMEJUURE_MAHETALU_12828785_Aripaeva_TOP_2025_Margis_EN-150x150.png 150w, https:\/\/tammejuure.ee\/wp-content\/uploads\/2025\/10\/TAMMEJUURE_MAHETALU_12828785_Aripaeva_TOP_2025_Margis_EN-768x768.png 768w, https:\/\/tammejuure.ee\/wp-content\/uploads\/2025\/10\/TAMMEJUURE_MAHETALU_12828785_Aripaeva_TOP_2025_Margis_EN-1536x1536.png 1536w, https:\/\/tammejuure.ee\/wp-content\/uploads\/2025\/10\/TAMMEJUURE_MAHETALU_12828785_Aripaeva_TOP_2025_Margis_EN-2048x2048.png 2048w, https:\/\/tammejuure.ee\/wp-content\/uploads\/2025\/10\/TAMMEJUURE_MAHETALU_12828785_Aripaeva_TOP_2025_Margis_EN-700x700.png 700w, https:\/\/tammejuure.ee\/wp-content\/uploads\/2025\/10\/TAMMEJUURE_MAHETALU_12828785_Aripaeva_TOP_2025_Margis_EN-2000x2000.png 2000w, https:\/\/tammejuure.ee\/wp-content\/uploads\/2025\/10\/TAMMEJUURE_MAHETALU_12828785_Aripaeva_TOP_2025_Margis_EN-60x60.png 60w, https:\/\/tammejuure.ee\/wp-content\/uploads\/2025\/10\/TAMMEJUURE_MAHETALU_12828785_Aripaeva_TOP_2025_Margis_EN-235x235.png 235w, https:\/\/tammejuure.ee\/wp-content\/uploads\/2025\/10\/TAMMEJUURE_MAHETALU_12828785_Aripaeva_TOP_2025_Margis_EN-255x255.png 255w, https:\/\/tammejuure.ee\/wp-content\/uploads\/2025\/10\/TAMMEJUURE_MAHETALU_12828785_Aripaeva_TOP_2025_Margis_EN-600x600.png 600w, https:\/\/tammejuure.ee\/wp-content\/uploads\/2025\/10\/TAMMEJUURE_MAHETALU_12828785_Aripaeva_TOP_2025_Margis_EN-100x100.png 100w, https:\/\/tammejuure.ee\/wp-content\/uploads\/2025\/10\/TAMMEJUURE_MAHETALU_12828785_Aripaeva_TOP_2025_Margis_EN-64x64.png 64w\" sizes=\"auto, (max-width: 181px) 100vw, 181px\" \/><\/p>\n<p>&nbsp;<\/p>\n<p>&nbsp;<\/p>\n<h3>Find us here:<\/h3>\n<div id=\"wpgmza_map\" class=\"wpgmza_map\" data-settings='{\"id\":\"1\",\"map_title\":\"Location of farm\",\"map_width\":\"100\",\"map_height\":\"400\",\"map_start_lat\":\"58.571408\",\"map_start_lng\":\"24.956615\",\"map_start_location\":\"58.57140841987748,24.95661464062506\",\"map_start_zoom\":\"7\",\"default_marker\":\"0\",\"type\":\"4\",\"alignment\":\"2\",\"directions_enabled\":\"1\",\"styling_enabled\":\"0\",\"styling_json\":\"\",\"active\":\"0\",\"kml\":\"\",\"bicycle\":\"0\",\"traffic\":\"0\",\"dbox\":\"1\",\"dbox_width\":\"100\",\"listmarkers\":\"0\",\"listmarkers_advanced\":\"0\",\"filterbycat\":\"0\",\"ugm_enabled\":\"0\",\"ugm_category_enabled\":\"0\",\"fusion\":\"\",\"map_width_type\":\"\\\\%\",\"map_height_type\":\"px\",\"mass_marker_support\":\"1\",\"ugm_access\":\"0\",\"order_markers_by\":\"1\",\"order_markers_choice\":\"2\",\"show_user_location\":\"0\",\"default_to\":\"\",\"other_settings\":{\"store_locator_enabled\":2,\"store_locator_distance\":2,\"store_locator_bounce\":1,\"store_locator_query_string\":\"ZIP \\\/ Address:\",\"store_locator_default_address\":\"\",\"wpgmza_store_locator_restrict\":\"\",\"map_max_zoom\":\"1\",\"transport_layer\":0,\"wpgmza_theme_data\":\"[{\\\\\\\"featureType\\\\\\\":\\\\\\\"administrative\\\\\\\",\\\\\\\"elementType\\\\\\\":\\\\\\\"all\\\\\\\",\\\\\\\"stylers\\\\\\\":[{\\\\\\\"visibility\\\\\\\":\\\\\\\"on\\\\\\\"},{\\\\\\\"lightness\\\\\\\":33}]},{\\\\\\\"featureType\\\\\\\":\\\\\\\"landscape\\\\\\\",\\\\\\\"elementType\\\\\\\":\\\\\\\"all\\\\\\\",\\\\\\\"stylers\\\\\\\":[{\\\\\\\"color\\\\\\\":\\\\\\\"#f2e5d4\\\\\\\"}]},{\\\\\\\"featureType\\\\\\\":\\\\\\\"poi.park\\\\\\\",\\\\\\\"elementType\\\\\\\":\\\\\\\"geometry\\\\\\\",\\\\\\\"stylers\\\\\\\":[{\\\\\\\"color\\\\\\\":\\\\\\\"#c5dac6\\\\\\\"}]},{\\\\\\\"featureType\\\\\\\":\\\\\\\"poi.park\\\\\\\",\\\\\\\"elementType\\\\\\\":\\\\\\\"labels\\\\\\\",\\\\\\\"stylers\\\\\\\":[{\\\\\\\"visibility\\\\\\\":\\\\\\\"on\\\\\\\"},{\\\\\\\"lightness\\\\\\\":20}]},{\\\\\\\"featureType\\\\\\\":\\\\\\\"road\\\\\\\",\\\\\\\"elementType\\\\\\\":\\\\\\\"all\\\\\\\",\\\\\\\"stylers\\\\\\\":[{\\\\\\\"lightness\\\\\\\":20}]},{\\\\\\\"featureType\\\\\\\":\\\\\\\"road.highway\\\\\\\",\\\\\\\"elementType\\\\\\\":\\\\\\\"geometry\\\\\\\",\\\\\\\"stylers\\\\\\\":[{\\\\\\\"color\\\\\\\":\\\\\\\"#c5c6c6\\\\\\\"}]},{\\\\\\\"featureType\\\\\\\":\\\\\\\"road.arterial\\\\\\\",\\\\\\\"elementType\\\\\\\":\\\\\\\"geometry\\\\\\\",\\\\\\\"stylers\\\\\\\":[{\\\\\\\"color\\\\\\\":\\\\\\\"#e4d7c6\\\\\\\"}]},{\\\\\\\"featureType\\\\\\\":\\\\\\\"road.local\\\\\\\",\\\\\\\"elementType\\\\\\\":\\\\\\\"geometry\\\\\\\",\\\\\\\"stylers\\\\\\\":[{\\\\\\\"color\\\\\\\":\\\\\\\"#fbfaf7\\\\\\\"}]},{\\\\\\\"featureType\\\\\\\":\\\\\\\"water\\\\\\\",\\\\\\\"elementType\\\\\\\":\\\\\\\"all\\\\\\\",\\\\\\\"stylers\\\\\\\":[{\\\\\\\"visibility\\\\\\\":\\\\\\\"on\\\\\\\"},{\\\\\\\"color\\\\\\\":\\\\\\\"#acbcc9\\\\\\\"}]}]\",\"wpgmza_theme_selection\":4}}' data-map-id='1' Data-maps-engine='' data-shortcode-attributes='{\"id\":\"1\"}' style=\"display:block; overflow:auto; width:100%; height:400px; float:left;\"><\/div>\n<p><img loading=\"lazy\" decoding=\"async\" class=\"alignleft size-full wp-image-41850\" src=\"https:\/\/tammejuure.ee\/wp-content\/uploads\/2025\/10\/TAMMEJUURE_MAHETALU_12828785_Aripaeva_TOP_2025_Meilijalus_EN.png\" alt=\"\" width=\"2500\" height=\"625\" srcset=\"https:\/\/tammejuure.ee\/wp-content\/uploads\/2025\/10\/TAMMEJUURE_MAHETALU_12828785_Aripaeva_TOP_2025_Meilijalus_EN.png 2500w, https:\/\/tammejuure.ee\/wp-content\/uploads\/2025\/10\/TAMMEJUURE_MAHETALU_12828785_Aripaeva_TOP_2025_Meilijalus_EN-300x75.png 300w, https:\/\/tammejuure.ee\/wp-content\/uploads\/2025\/10\/TAMMEJUURE_MAHETALU_12828785_Aripaeva_TOP_2025_Meilijalus_EN-1024x256.png 1024w, https:\/\/tammejuure.ee\/wp-content\/uploads\/2025\/10\/TAMMEJUURE_MAHETALU_12828785_Aripaeva_TOP_2025_Meilijalus_EN-768x192.png 768w, https:\/\/tammejuure.ee\/wp-content\/uploads\/2025\/10\/TAMMEJUURE_MAHETALU_12828785_Aripaeva_TOP_2025_Meilijalus_EN-1536x384.png 1536w, https:\/\/tammejuure.ee\/wp-content\/uploads\/2025\/10\/TAMMEJUURE_MAHETALU_12828785_Aripaeva_TOP_2025_Meilijalus_EN-2048x512.png 2048w, https:\/\/tammejuure.ee\/wp-content\/uploads\/2025\/10\/TAMMEJUURE_MAHETALU_12828785_Aripaeva_TOP_2025_Meilijalus_EN-2000x500.png 2000w, https:\/\/tammejuure.ee\/wp-content\/uploads\/2025\/10\/TAMMEJUURE_MAHETALU_12828785_Aripaeva_TOP_2025_Meilijalus_EN-600x150.png 600w, https:\/\/tammejuure.ee\/wp-content\/uploads\/2025\/10\/TAMMEJUURE_MAHETALU_12828785_Aripaeva_TOP_2025_Meilijalus_EN-64x16.png 64w\" sizes=\"auto, (max-width: 2500px) 100vw, 2500px\" \/><\/p>","protected":false},"excerpt":{"rendered":"<p>Check out other\u00a0retailers\u00a0of our organic products Contact: Tammejuure Talu Telephone: +372 53056682 E-Mail: tammejuure@tammejuure.ee Address: Suure-L\u00e4htru village, L\u00e4\u00e4ne-Nigula parish, L\u00e4\u00e4nemaa, 90632 Estonia &nbsp; &nbsp; Find us here:<\/p>\n","protected":false},"author":3,"featured_media":0,"parent":0,"menu_order":0,"comment_status":"closed","ping_status":"closed","template":"","meta":{"footnotes":""},"class_list":["post-183","page","type-page","status-publish","hentry"],"_links":{"self":[{"href":"https:\/\/tammejuure.ee\/en\/wp-json\/wp\/v2\/pages\/183","targetHints":{"allow":["GET"]}}],"collection":[{"href":"https:\/\/tammejuure.ee\/en\/wp-json\/wp\/v2\/pages"}],"about":[{"href":"https:\/\/tammejuure.ee\/en\/wp-json\/wp\/v2\/types\/page"}],"author":[{"embeddable":true,"href":"https:\/\/tammejuure.ee\/en\/wp-json\/wp\/v2\/users\/3"}],"replies":[{"embeddable":true,"href":"https:\/\/tammejuure.ee\/en\/wp-json\/wp\/v2\/comments?post=183"}],"version-history":[{"count":57,"href":"https:\/\/tammejuure.ee\/en\/wp-json\/wp\/v2\/pages\/183\/revisions"}],"predecessor-version":[{"id":41864,"href":"https:\/\/tammejuure.ee\/en\/wp-json\/wp\/v2\/pages\/183\/revisions\/41864"}],"wp:attachment":[{"href":"https:\/\/tammejuure.ee\/en\/wp-json\/wp\/v2\/media?parent=183"}],"curies":[{"name":"wp","href":"https:\/\/api.w.org\/{rel}","templated":true}]}}