{"id":9644,"date":"2020-02-11T07:48:47","date_gmt":"2020-02-11T05:48:47","guid":{"rendered":"https:\/\/tammejuure.ee\/?post_type=product&#038;p=9644"},"modified":"2026-03-10T09:34:45","modified_gmt":"2026-03-10T07:34:45","slug":"kanepioli-siberi-nuluga-oko","status":"publish","type":"product","link":"https:\/\/tammejuure.ee\/de\/product\/kanepioli-siberi-nuluga-oko\/","title":{"rendered":"Hanf\u00f6l &#8222;Sibirischer Tanne&#8220;"},"content":{"rendered":"<p><\/p>\n<ul>\n<li>Hanf\u00f6l mit \u00e4therischen \u00d6len &#8211; Nat\u00fcrliche K\u00f6rperpflege ohne Chemie!<\/li>\n<li>Bio-Hanf\u00f6l spendet Feuchtigkeit und pflegt Haut und Haarspitzen mit Omega-3-Fetts\u00e4uren und Vitamin E<\/li>\n<li>Hochwertiges \u00e4therisches \u00d6l der Doterra Sibirische Tanne entspannt und beruhigt die Sinne<\/li>\n<li>Komfortable Spr\u00fchflasche, Volumen 100ml<\/li>\n<li>Auch f\u00fcr Massagen und Kinder geeignet<\/li>\n<li>Hanf\u00f6l hat auch einen nat\u00fcrlichen Lichtschutzfaktor von 6, ist aber eher f\u00fcr die Anwendung nach dem Br\u00e4unen geeignet<\/li>\n<li>Aufgrund des hohen Gehalts an Vitamin E und Antioxidantien im Cannabis\u00f6l wird schwangeren<\/li>\n<li>Frauen empfohlen, ihren Magen zu schmieren, um Dehnungsstreifen vorzubeugen.<\/li>\n<li>Lagerung: trocken und k\u00fchl, vor Sonnenlicht gesch\u00fctzt<\/li>\n<li>Produziert mit erneuerbarer Energie<\/li>\n<\/ul>\n<p><img loading=\"lazy\" decoding=\"async\" class=\"wp-image-553 alignnone\" src=\"https:\/\/tammejuure.ee\/wp-content\/uploads\/2017\/05\/\u00d6kom\u00e4rgid-1.jpg\" alt=\"\" width=\"101\" height=\"61\" srcset=\"https:\/\/tammejuure.ee\/wp-content\/uploads\/2017\/05\/\u00d6kom\u00e4rgid-1.jpg 564w, https:\/\/tammejuure.ee\/wp-content\/uploads\/2017\/05\/\u00d6kom\u00e4rgid-1-300x181.jpg 300w\" sizes=\"auto, (max-width: 101px) 100vw, 101px\" \/><\/p>","protected":false},"excerpt":{"rendered":"<p>Beruhigendes, feuchtigkeitsspendendes und pflegendes Natur\u00f6l f\u00fcr Haut und Haar<\/p>\n","protected":false},"featured_media":14040,"template":"","meta":[],"product_brand":[],"product_cat":[38,42],"product_tag":[],"class_list":{"0":"post-9644","1":"product","2":"type-product","3":"status-publish","4":"has-post-thumbnail","6":"product_cat-nahale-ja-juustele","7":"product_cat-olid","8":"product_shipping_class-default","10":"first","11":"instock","12":"taxable","13":"shipping-taxable","14":"purchasable","15":"product-type-variable","16":"has-default-attributes"},"_links":{"self":[{"href":"https:\/\/tammejuure.ee\/de\/wp-json\/wp\/v2\/product\/9644","targetHints":{"allow":["GET"]}}],"collection":[{"href":"https:\/\/tammejuure.ee\/de\/wp-json\/wp\/v2\/product"}],"about":[{"href":"https:\/\/tammejuure.ee\/de\/wp-json\/wp\/v2\/types\/product"}],"wp:featuredmedia":[{"embeddable":true,"href":"https:\/\/tammejuure.ee\/de\/wp-json\/wp\/v2\/media\/14040"}],"wp:attachment":[{"href":"https:\/\/tammejuure.ee\/de\/wp-json\/wp\/v2\/media?parent=9644"}],"wp:term":[{"taxonomy":"product_brand","embeddable":true,"href":"https:\/\/tammejuure.ee\/de\/wp-json\/wp\/v2\/product_brand?post=9644"},{"taxonomy":"product_cat","embeddable":true,"href":"https:\/\/tammejuure.ee\/de\/wp-json\/wp\/v2\/product_cat?post=9644"},{"taxonomy":"product_tag","embeddable":true,"href":"https:\/\/tammejuure.ee\/de\/wp-json\/wp\/v2\/product_tag?post=9644"}],"curies":[{"name":"wp","href":"https:\/\/api.w.org\/{rel}","templated":true}]}}