{"id":679,"date":"2018-02-21T19:40:25","date_gmt":"2018-02-21T17:40:25","guid":{"rendered":"https:\/\/tammejuure.ee\/?post_type=product&#038;p=679"},"modified":"2026-02-24T15:49:00","modified_gmt":"2026-02-24T13:49:00","slug":"kiudaine-pulber","status":"publish","type":"product","link":"https:\/\/tammejuure.ee\/de\/product\/kiudaine-pulber\/","title":{"rendered":"Hanf Faserpulver (bio)"},"content":{"rendered":"<p><\/p>\n<ul>\n<li>Reich an Ballaststoffen (ca. 30%) zur Erleichterung der Verdauung<\/li>\n<li>Hanfproteine werden sehr leicht verdaut und absorbiert<\/li>\n<li>Vegan<\/li>\n<li>Geeignet f\u00fcr Di\u00e4t und Sport<\/li>\n<li>F\u00fcgen Sie Gesundheitsgetr\u00e4nken, Joghurt, Kefir, Haferbrei, Fleischb\u00e4llchen, Pfannkuchen usw. hinzu.<\/li>\n<li>Aus 100 % \u00f6kologisch erzeugtem Hanfmehl, Rohstoff aus eigener Produktion<\/li>\n<li>Variante des energiearmen Hanfpulvers<\/li>\n<li>Schmeckt nach Haselnuss, trocken lagern<\/li>\n<li>Produziert mit erneuerbarer Energie<\/li>\n<\/ul>\n<p><img loading=\"lazy\" decoding=\"async\" class=\"wp-image-553 alignnone\" src=\"https:\/\/tammejuure.ee\/wp-content\/uploads\/2017\/05\/%C3%96kom%C3%A4rgid-1.jpg\" alt=\"\" width=\"101\" height=\"61\" \/><\/p>","protected":false},"excerpt":{"rendered":"<p>Hanf Faserpulver<\/p>\n","protected":false},"featured_media":42804,"template":"","meta":[],"product_brand":[],"product_cat":[43,44,70],"product_tag":[],"class_list":{"0":"post-679","1":"product","2":"type-product","3":"status-publish","4":"has-post-thumbnail","6":"product_cat-jahud","7":"product_cat-kanepitooted","8":"product_cat-kliid","10":"first","11":"instock","12":"taxable","13":"shipping-taxable","14":"purchasable","15":"product-type-variable"},"_links":{"self":[{"href":"https:\/\/tammejuure.ee\/de\/wp-json\/wp\/v2\/product\/679","targetHints":{"allow":["GET"]}}],"collection":[{"href":"https:\/\/tammejuure.ee\/de\/wp-json\/wp\/v2\/product"}],"about":[{"href":"https:\/\/tammejuure.ee\/de\/wp-json\/wp\/v2\/types\/product"}],"wp:featuredmedia":[{"embeddable":true,"href":"https:\/\/tammejuure.ee\/de\/wp-json\/wp\/v2\/media\/42804"}],"wp:attachment":[{"href":"https:\/\/tammejuure.ee\/de\/wp-json\/wp\/v2\/media?parent=679"}],"wp:term":[{"taxonomy":"product_brand","embeddable":true,"href":"https:\/\/tammejuure.ee\/de\/wp-json\/wp\/v2\/product_brand?post=679"},{"taxonomy":"product_cat","embeddable":true,"href":"https:\/\/tammejuure.ee\/de\/wp-json\/wp\/v2\/product_cat?post=679"},{"taxonomy":"product_tag","embeddable":true,"href":"https:\/\/tammejuure.ee\/de\/wp-json\/wp\/v2\/product_tag?post=679"}],"curies":[{"name":"wp","href":"https:\/\/api.w.org\/{rel}","templated":true}]}}