{"id":573,"date":"2017-10-25T19:00:04","date_gmt":"2017-10-25T16:00:04","guid":{"rendered":"https:\/\/tammejuure.ee\/?post_type=product&#038;p=573"},"modified":"2026-05-01T12:14:51","modified_gmt":"2026-05-01T09:14:51","slug":"kooritud-kanepiseemned","status":"publish","type":"product","link":"https:\/\/tammejuure.ee\/de\/product\/kooritud-kanepiseemned\/","title":{"rendered":"Gesch\u00e4lte Hanfsamen (bio)"},"content":{"rendered":"<p><\/p>\n<ul>\n<li>Bestes Gesundheitsprodukt in Estland 2018<\/li>\n<li>Hoher Proteingehalt<\/li>\n<li>Gute Quelle f\u00fcr Vitamin E und Antioxidantien<\/li>\n<li>Enth\u00e4lt mehrfach unges\u00e4ttigte Fetts\u00e4uren, Omega 6, Omega 3, Omega 9<\/li>\n<li>Enth\u00e4lt auch Kalium, Magnesium, Eisen, Zink, Calcium, Phosphor<\/li>\n<li>100% biologisch und selbst produzierter Rohstoff<\/li>\n<li>Beliebt in Salaten, Brot- und Backwaren, Smoothies, M\u00fcsli, Joghurt und Porridge<\/li>\n<li>Produziert mit erneuerbarer Energie<\/li>\n<\/ul>\n<p><img loading=\"lazy\" decoding=\"async\" class=\"wp-image-553 alignnone\" src=\"https:\/\/tammejuure.ee\/wp-content\/uploads\/2017\/05\/\u00d6kom\u00e4rgid-1.jpg\" alt=\"\" width=\"101\" height=\"61\" srcset=\"https:\/\/tammejuure.ee\/wp-content\/uploads\/2017\/05\/\u00d6kom\u00e4rgid-1.jpg 564w, https:\/\/tammejuure.ee\/wp-content\/uploads\/2017\/05\/\u00d6kom\u00e4rgid-1-300x181.jpg 300w\" sizes=\"auto, (max-width: 101px) 100vw, 101px\" \/><\/p>","protected":false},"excerpt":{"rendered":"<p>Gesch\u00e4lte Hanfsamen<\/p>\n","protected":false},"featured_media":42652,"template":"","meta":[],"product_brand":[],"product_cat":[44,45],"product_tag":[],"class_list":{"0":"post-573","1":"product","2":"type-product","3":"status-publish","4":"has-post-thumbnail","6":"product_cat-kanepitooted","7":"product_cat-teraviljad","9":"first","10":"instock","11":"taxable","12":"shipping-taxable","13":"purchasable","14":"product-type-variable","15":"has-default-attributes"},"_links":{"self":[{"href":"https:\/\/tammejuure.ee\/de\/wp-json\/wp\/v2\/product\/573","targetHints":{"allow":["GET"]}}],"collection":[{"href":"https:\/\/tammejuure.ee\/de\/wp-json\/wp\/v2\/product"}],"about":[{"href":"https:\/\/tammejuure.ee\/de\/wp-json\/wp\/v2\/types\/product"}],"wp:featuredmedia":[{"embeddable":true,"href":"https:\/\/tammejuure.ee\/de\/wp-json\/wp\/v2\/media\/42652"}],"wp:attachment":[{"href":"https:\/\/tammejuure.ee\/de\/wp-json\/wp\/v2\/media?parent=573"}],"wp:term":[{"taxonomy":"product_brand","embeddable":true,"href":"https:\/\/tammejuure.ee\/de\/wp-json\/wp\/v2\/product_brand?post=573"},{"taxonomy":"product_cat","embeddable":true,"href":"https:\/\/tammejuure.ee\/de\/wp-json\/wp\/v2\/product_cat?post=573"},{"taxonomy":"product_tag","embeddable":true,"href":"https:\/\/tammejuure.ee\/de\/wp-json\/wp\/v2\/product_tag?post=573"}],"curies":[{"name":"wp","href":"https:\/\/api.w.org\/{rel}","templated":true}]}}