{"id":405,"date":"2017-07-12T00:20:36","date_gmt":"2017-07-11T21:20:36","guid":{"rendered":"https:\/\/tammejuure.ee\/?post_type=product&#038;p=405"},"modified":"2025-11-26T12:48:35","modified_gmt":"2025-11-26T10:48:35","slug":"toidulisand-loomadele","status":"publish","type":"product","link":"https:\/\/tammejuure.ee\/de\/product\/toidulisand-loomadele\/","title":{"rendered":"Nahrungserg\u00e4nzungsmittel f\u00fcr die Tiere aus Hanfkr\u00fcmel"},"content":{"rendered":"<p><\/p>\n<ul>\n<li>Gepresster Kr\u00fcmel aus \u00f6kologischen Hanfsamen<\/li>\n<li>100 % \u00f6kologisch produziert, vom im eigenen Land entstandenem organischen Ausgangsmaterial (Hanfsamen)<\/li>\n<li>Metabolische Energie: 10 MJ\/kg, Rohfaser 25,6%; Rohprotein 30,2% Kalzium 0,3%, Phosphor 1,2%, Rohfett\u00a0 10,1%; nichtfl\u00fcchtiger Stoff \u00a089,3%<\/li>\n<li>Es ist f\u00fcr die Pferde, Rinder, Ziegen, Schafe, V\u00f6gel und H\u00fchner geeignet<\/li>\n<li>Bewahrungsbedingungen: im trocken halten<\/li>\n<\/ul>\n<p><img loading=\"lazy\" decoding=\"async\" class=\"wp-image-553 alignnone\" src=\"https:\/\/tammejuure.ee\/wp-content\/uploads\/2017\/05\/\u00d6kom\u00e4rgid-1.jpg\" alt=\"\" width=\"101\" height=\"61\" srcset=\"https:\/\/tammejuure.ee\/wp-content\/uploads\/2017\/05\/\u00d6kom\u00e4rgid-1.jpg 564w, https:\/\/tammejuure.ee\/wp-content\/uploads\/2017\/05\/\u00d6kom\u00e4rgid-1-300x181.jpg 300w\" sizes=\"auto, (max-width: 101px) 100vw, 101px\" \/><\/p>\n<p>Frage auch einem Angebot f\u00fcr den Gro\u03b2verkauf nach (Sonderpreis)!<\/p>","protected":false},"excerpt":{"rendered":"<p>Ein Protein- und Ballaststoffreiches Nahrungserg\u00e4nzungsmittel f\u00fcr die Tiere<\/p>\n","protected":false},"featured_media":38154,"template":"","meta":[],"product_brand":[],"product_cat":[47],"product_tag":[],"class_list":{"0":"post-405","1":"product","2":"type-product","3":"status-publish","4":"has-post-thumbnail","6":"product_cat-loomadele","7":"product_shipping_class-default","9":"first","10":"instock","11":"taxable","12":"shipping-taxable","13":"purchasable","14":"product-type-variable","15":"has-default-attributes"},"_links":{"self":[{"href":"https:\/\/tammejuure.ee\/de\/wp-json\/wp\/v2\/product\/405","targetHints":{"allow":["GET"]}}],"collection":[{"href":"https:\/\/tammejuure.ee\/de\/wp-json\/wp\/v2\/product"}],"about":[{"href":"https:\/\/tammejuure.ee\/de\/wp-json\/wp\/v2\/types\/product"}],"wp:featuredmedia":[{"embeddable":true,"href":"https:\/\/tammejuure.ee\/de\/wp-json\/wp\/v2\/media\/38154"}],"wp:attachment":[{"href":"https:\/\/tammejuure.ee\/de\/wp-json\/wp\/v2\/media?parent=405"}],"wp:term":[{"taxonomy":"product_brand","embeddable":true,"href":"https:\/\/tammejuure.ee\/de\/wp-json\/wp\/v2\/product_brand?post=405"},{"taxonomy":"product_cat","embeddable":true,"href":"https:\/\/tammejuure.ee\/de\/wp-json\/wp\/v2\/product_cat?post=405"},{"taxonomy":"product_tag","embeddable":true,"href":"https:\/\/tammejuure.ee\/de\/wp-json\/wp\/v2\/product_tag?post=405"}],"curies":[{"name":"wp","href":"https:\/\/api.w.org\/{rel}","templated":true}]}}