{"id":30946,"date":"2023-01-31T11:02:48","date_gmt":"2023-01-31T09:02:48","guid":{"rendered":"https:\/\/tammejuure.ee\/?post_type=product&#038;p=30946"},"modified":"2026-02-18T12:26:52","modified_gmt":"2026-02-18T10:26:52","slug":"kaeraklii-jamedamad-oko","status":"publish","type":"product","link":"https:\/\/tammejuure.ee\/de\/product\/kaeraklii-jamedamad-oko\/","title":{"rendered":"Haferkleie (Bio)"},"content":{"rendered":"<p><\/p>\n<ul>\n<li id=\"tw-target-text\" class=\"tw-data-text tw-text-large tw-ta\" dir=\"ltr\" data-placeholder=\"T\u00f5lge\" data-ved=\"2ahUKEwjX_NyN7MyLAxXUORAIHbCYB0AQ3ewLegQIBxAV\" aria-label=\"T\u00f5lgitud tekst: Zur Zubereitung von Brei und Smoothies sowie zum Hinzuf\u00fcgen zu Lebensmitteln zur Erh\u00f6hung des Ballaststoff- und Mineralstoffgehalts. Haferkleie mit Beta-Glucan, reichlich Fetts\u00e4uren und Tocopherol. 100 % \u00f6kologisch produzierter und selbst angebauter Rohstoff. Mit glutenfreien Maschinen verarbeitet. Trocken halten\"><span class=\"Y2IQFc\" lang=\"de\">Zur Zubereitung von Brei und Smoothies sowie zum Hinzuf\u00fcgen zu Lebensmitteln zur Erh\u00f6hung des Ballaststoff- und Mineralstoffgehalts<\/span><\/li>\n<li class=\"tw-data-text tw-text-large tw-ta\" dir=\"ltr\" data-placeholder=\"T\u00f5lge\" data-ved=\"2ahUKEwjX_NyN7MyLAxXUORAIHbCYB0AQ3ewLegQIBxAV\" aria-label=\"T\u00f5lgitud tekst: Zur Zubereitung von Brei und Smoothies sowie zum Hinzuf\u00fcgen zu Lebensmitteln zur Erh\u00f6hung des Ballaststoff- und Mineralstoffgehalts. Haferkleie mit Beta-Glucan, reichlich Fetts\u00e4uren und Tocopherol. 100 % \u00f6kologisch produzierter und selbst angebauter Rohstoff. Mit glutenfreien Maschinen verarbeitet. Trocken halten\"><span class=\"Y2IQFc\" lang=\"de\">Haferkleie mit Beta-Glucan, reichlich Fetts\u00e4uren und Tocopherol<\/span><\/li>\n<li class=\"tw-data-text tw-text-large tw-ta\" dir=\"ltr\" data-placeholder=\"T\u00f5lge\" data-ved=\"2ahUKEwjX_NyN7MyLAxXUORAIHbCYB0AQ3ewLegQIBxAV\" aria-label=\"T\u00f5lgitud tekst: Zur Zubereitung von Brei und Smoothies sowie zum Hinzuf\u00fcgen zu Lebensmitteln zur Erh\u00f6hung des Ballaststoff- und Mineralstoffgehalts. Haferkleie mit Beta-Glucan, reichlich Fetts\u00e4uren und Tocopherol. 100 % \u00f6kologisch produzierter und selbst angebauter Rohstoff. Mit glutenfreien Maschinen verarbeitet. Trocken halten\"><span class=\"Y2IQFc\" lang=\"de\">100 % \u00f6kologisch produzierter und selbst angebauter Rohstoff<\/span><\/li>\n<li class=\"tw-data-text tw-text-large tw-ta\" dir=\"ltr\" data-placeholder=\"T\u00f5lge\" data-ved=\"2ahUKEwjX_NyN7MyLAxXUORAIHbCYB0AQ3ewLegQIBxAV\" aria-label=\"T\u00f5lgitud tekst: Zur Zubereitung von Brei und Smoothies sowie zum Hinzuf\u00fcgen zu Lebensmitteln zur Erh\u00f6hung des Ballaststoff- und Mineralstoffgehalts. Haferkleie mit Beta-Glucan, reichlich Fetts\u00e4uren und Tocopherol. 100 % \u00f6kologisch produzierter und selbst angebauter Rohstoff. Mit glutenfreien Maschinen verarbeitet. Trocken halten\"><span class=\"Y2IQFc\" lang=\"de\">Mit glutenfreien Maschinen verarbeitet<\/span><\/li>\n<li class=\"tw-data-text tw-text-large tw-ta\" dir=\"ltr\" data-placeholder=\"T\u00f5lge\" data-ved=\"2ahUKEwjX_NyN7MyLAxXUORAIHbCYB0AQ3ewLegQIBxAV\" aria-label=\"T\u00f5lgitud tekst: Zur Zubereitung von Brei und Smoothies sowie zum Hinzuf\u00fcgen zu Lebensmitteln zur Erh\u00f6hung des Ballaststoff- und Mineralstoffgehalts. Haferkleie mit Beta-Glucan, reichlich Fetts\u00e4uren und Tocopherol. 100 % \u00f6kologisch produzierter und selbst angebauter Rohstoff. Mit glutenfreien Maschinen verarbeitet. Trocken halten\"><span class=\"Y2IQFc\" lang=\"de\">Trocken halten<\/span><\/li>\n<\/ul>\n<p><img loading=\"lazy\" decoding=\"async\" class=\"wp-image-30758 alignnone\" src=\"https:\/\/tammejuure.ee\/wp-content\/uploads\/2020\/11\/Okomargid-2023.jpg\" alt=\"\" width=\"146\" height=\"92\" \/><\/p>","protected":false},"excerpt":{"rendered":"<p class=\"qtranxs-available-languages-message qtranxs-available-languages-message-de\">Leider ist der Eintrag nur auf <a href=\"https:\/\/tammejuure.ee\/et\/wp-json\/wp\/v2\/product\/30946\" class=\"qtranxs-available-language-link qtranxs-available-language-link-et\" title=\"Eesti\">Eesti<\/a> und <a href=\"https:\/\/tammejuure.ee\/en\/wp-json\/wp\/v2\/product\/30946\" class=\"qtranxs-available-language-link qtranxs-available-language-link-en\" title=\"English\">English<\/a> verf\u00fcgbar.<\/p>\n","protected":false},"featured_media":42654,"template":"","meta":[],"product_brand":[],"product_cat":[70],"product_tag":[],"class_list":{"0":"post-30946","1":"product","2":"type-product","3":"status-publish","4":"has-post-thumbnail","6":"product_cat-kliid","8":"first","9":"instock","10":"taxable","11":"shipping-taxable","12":"purchasable","13":"product-type-variable"},"_links":{"self":[{"href":"https:\/\/tammejuure.ee\/de\/wp-json\/wp\/v2\/product\/30946","targetHints":{"allow":["GET"]}}],"collection":[{"href":"https:\/\/tammejuure.ee\/de\/wp-json\/wp\/v2\/product"}],"about":[{"href":"https:\/\/tammejuure.ee\/de\/wp-json\/wp\/v2\/types\/product"}],"wp:featuredmedia":[{"embeddable":true,"href":"https:\/\/tammejuure.ee\/de\/wp-json\/wp\/v2\/media\/42654"}],"wp:attachment":[{"href":"https:\/\/tammejuure.ee\/de\/wp-json\/wp\/v2\/media?parent=30946"}],"wp:term":[{"taxonomy":"product_brand","embeddable":true,"href":"https:\/\/tammejuure.ee\/de\/wp-json\/wp\/v2\/product_brand?post=30946"},{"taxonomy":"product_cat","embeddable":true,"href":"https:\/\/tammejuure.ee\/de\/wp-json\/wp\/v2\/product_cat?post=30946"},{"taxonomy":"product_tag","embeddable":true,"href":"https:\/\/tammejuure.ee\/de\/wp-json\/wp\/v2\/product_tag?post=30946"}],"curies":[{"name":"wp","href":"https:\/\/api.w.org\/{rel}","templated":true}]}}