{"id":30852,"date":"2023-01-12T14:13:46","date_gmt":"2023-01-12T12:13:46","guid":{"rendered":"https:\/\/tammejuure.ee\/?post_type=product&#038;p=30852"},"modified":"2026-02-18T12:18:15","modified_gmt":"2026-02-18T10:18:15","slug":"rupsioli-pihustiga-oko","status":"publish","type":"product","link":"https:\/\/tammejuure.ee\/de\/product\/rupsioli-pihustiga-oko\/","title":{"rendered":"R\u00fcbsen\u00f6l"},"content":{"rendered":"<p><\/p>\n<ul>\n<li>Das beste \u00f6kologische Produkt in Estland 2016 (2. Platz)!<\/li>\n<li>Eine organische Alternative zu das gew\u00f6hnliche Raps\u00f6l, kaltgepresst<\/li>\n<li>100 % \u00f6kologisch produziert, vom im eigenen Land entstandenem Ausgangsmaterial (Hanfsamen)<\/li>\n<li>Es ist geeignet f\u00fcr Kochen, Brennen, Marinaden, Pasta und es ist eine gute Beimischung f\u00fcr Teige<\/li>\n<li>Mit goldene Farbe und mit einem angenehmen Geschmack<\/li>\n<li>Bewahrungsbedingungen: im trocken halten<\/li>\n<\/ul>\n<p><img loading=\"lazy\" decoding=\"async\" class=\"wp-image-553 alignnone\" src=\"https:\/\/tammejuure.ee\/wp-content\/uploads\/2017\/05\/\u00d6kom\u00e4rgid-1.jpg\" alt=\"\" width=\"101\" height=\"61\" srcset=\"https:\/\/tammejuure.ee\/wp-content\/uploads\/2017\/05\/\u00d6kom\u00e4rgid-1.jpg 564w, https:\/\/tammejuure.ee\/wp-content\/uploads\/2017\/05\/\u00d6kom\u00e4rgid-1-300x181.jpg 300w\" sizes=\"auto, (max-width: 101px) 100vw, 101px\" \/><\/p>\n<p>Frage auch einem Angebot f\u00fcr den Gro\u03b2verkauf nach (Sonderpreis)!<\/p>","protected":false},"excerpt":{"rendered":"<p>Ein goldenes, \u00f6kologisches, kaltgepresstes \u00d6l f\u00fcr Kochen und Backen<\/p>\n","protected":false},"featured_media":42623,"template":"","meta":[],"product_brand":[],"product_cat":[42],"product_tag":[],"class_list":{"0":"post-30852","1":"product","2":"type-product","3":"status-publish","4":"has-post-thumbnail","6":"product_cat-olid","7":"product_shipping_class-default","9":"first","10":"instock","11":"taxable","12":"shipping-taxable","13":"purchasable","14":"product-type-variable","15":"has-default-attributes"},"_links":{"self":[{"href":"https:\/\/tammejuure.ee\/de\/wp-json\/wp\/v2\/product\/30852","targetHints":{"allow":["GET"]}}],"collection":[{"href":"https:\/\/tammejuure.ee\/de\/wp-json\/wp\/v2\/product"}],"about":[{"href":"https:\/\/tammejuure.ee\/de\/wp-json\/wp\/v2\/types\/product"}],"wp:featuredmedia":[{"embeddable":true,"href":"https:\/\/tammejuure.ee\/de\/wp-json\/wp\/v2\/media\/42623"}],"wp:attachment":[{"href":"https:\/\/tammejuure.ee\/de\/wp-json\/wp\/v2\/media?parent=30852"}],"wp:term":[{"taxonomy":"product_brand","embeddable":true,"href":"https:\/\/tammejuure.ee\/de\/wp-json\/wp\/v2\/product_brand?post=30852"},{"taxonomy":"product_cat","embeddable":true,"href":"https:\/\/tammejuure.ee\/de\/wp-json\/wp\/v2\/product_cat?post=30852"},{"taxonomy":"product_tag","embeddable":true,"href":"https:\/\/tammejuure.ee\/de\/wp-json\/wp\/v2\/product_tag?post=30852"}],"curies":[{"name":"wp","href":"https:\/\/api.w.org\/{rel}","templated":true}]}}