{"id":30840,"date":"2023-01-12T13:24:36","date_gmt":"2023-01-12T11:24:36","guid":{"rendered":"https:\/\/tammejuure.ee\/?post_type=product&#038;p=30840"},"modified":"2026-05-06T21:42:36","modified_gmt":"2026-05-06T18:42:36","slug":"nisuklii-oko","status":"publish","type":"product","link":"https:\/\/tammejuure.ee\/de\/product\/nisuklii-oko\/","title":{"rendered":"Weizenkleie (Bio)"},"content":{"rendered":"<p><\/p>\n<ul>\n<li id=\"tw-target-text\" class=\"tw-data-text tw-text-large tw-ta\" dir=\"ltr\" data-placeholder=\"T\u00f5lge\" data-ved=\"2ahUKEwiY6rCP8syLAxUrKxAIHaH-AXEQ3ewLegQIBxAV\" aria-label=\"T\u00f5lgitud tekst: Zur Zubereitung von Brei und Smoothies sowie zum Hinzuf\u00fcgen zu Lebensmitteln, um den Ballaststoff- und Mineralstoffgehalt zu erh\u00f6hen 100 % \u00f6kologisch produzierter und selbst angebauter Rohstoff Trocken halten\"><span class=\"Y2IQFc\" lang=\"de\">Zur Zubereitung von Brei und Smoothies sowie zum Hinzuf\u00fcgen zu Lebensmitteln, um den Ballaststoff- und Mineralstoffgehalt zu erh\u00f6hen <\/span><\/li>\n<li class=\"tw-data-text tw-text-large tw-ta\" dir=\"ltr\" data-placeholder=\"T\u00f5lge\" data-ved=\"2ahUKEwiY6rCP8syLAxUrKxAIHaH-AXEQ3ewLegQIBxAV\" aria-label=\"T\u00f5lgitud tekst: Zur Zubereitung von Brei und Smoothies sowie zum Hinzuf\u00fcgen zu Lebensmitteln, um den Ballaststoff- und Mineralstoffgehalt zu erh\u00f6hen 100 % \u00f6kologisch produzierter und selbst angebauter Rohstoff Trocken halten\"><span class=\"Y2IQFc\" lang=\"de\">100 % \u00f6kologisch produzierter und selbst angebauter Rohstoff <\/span><\/li>\n<li class=\"tw-data-text tw-text-large tw-ta\" dir=\"ltr\" data-placeholder=\"T\u00f5lge\" data-ved=\"2ahUKEwiY6rCP8syLAxUrKxAIHaH-AXEQ3ewLegQIBxAV\" aria-label=\"T\u00f5lgitud tekst: Zur Zubereitung von Brei und Smoothies sowie zum Hinzuf\u00fcgen zu Lebensmitteln, um den Ballaststoff- und Mineralstoffgehalt zu erh\u00f6hen 100 % \u00f6kologisch produzierter und selbst angebauter Rohstoff Trocken halten\"><span class=\"Y2IQFc\" lang=\"de\">Trocken halten<\/span><\/li>\n<\/ul>\n<p><img loading=\"lazy\" decoding=\"async\" class=\"wp-image-30758 alignnone\" src=\"https:\/\/tammejuure.ee\/wp-content\/uploads\/2020\/11\/Okomargid-2023.jpg\" alt=\"\" width=\"146\" height=\"92\" \/><\/p>","protected":false},"excerpt":{"rendered":"<p>Weizenkleie (Bio)<\/p>\n","protected":false},"featured_media":42632,"template":"","meta":[],"product_brand":[],"product_cat":[70],"product_tag":[],"class_list":{"0":"post-30840","1":"product","2":"type-product","3":"status-publish","4":"has-post-thumbnail","6":"product_cat-kliid","8":"first","9":"instock","10":"taxable","11":"shipping-taxable","12":"purchasable","13":"product-type-variable"},"_links":{"self":[{"href":"https:\/\/tammejuure.ee\/de\/wp-json\/wp\/v2\/product\/30840","targetHints":{"allow":["GET"]}}],"collection":[{"href":"https:\/\/tammejuure.ee\/de\/wp-json\/wp\/v2\/product"}],"about":[{"href":"https:\/\/tammejuure.ee\/de\/wp-json\/wp\/v2\/types\/product"}],"wp:featuredmedia":[{"embeddable":true,"href":"https:\/\/tammejuure.ee\/de\/wp-json\/wp\/v2\/media\/42632"}],"wp:attachment":[{"href":"https:\/\/tammejuure.ee\/de\/wp-json\/wp\/v2\/media?parent=30840"}],"wp:term":[{"taxonomy":"product_brand","embeddable":true,"href":"https:\/\/tammejuure.ee\/de\/wp-json\/wp\/v2\/product_brand?post=30840"},{"taxonomy":"product_cat","embeddable":true,"href":"https:\/\/tammejuure.ee\/de\/wp-json\/wp\/v2\/product_cat?post=30840"},{"taxonomy":"product_tag","embeddable":true,"href":"https:\/\/tammejuure.ee\/de\/wp-json\/wp\/v2\/product_tag?post=30840"}],"curies":[{"name":"wp","href":"https:\/\/api.w.org\/{rel}","templated":true}]}}