{"id":22862,"date":"2020-11-18T10:48:05","date_gmt":"2020-11-18T08:48:05","guid":{"rendered":"https:\/\/tammejuure.ee\/?post_type=product&#038;p=22862"},"modified":"2026-02-18T12:21:59","modified_gmt":"2026-02-18T10:21:59","slug":"odrataisterajahu-oko","status":"publish","type":"product","link":"https:\/\/tammejuure.ee\/de\/product\/odrataisterajahu-oko\/","title":{"rendered":"Grobk\u00f6rniges Gerstenmehl (bio)"},"content":{"rendered":"<p><\/p>\n<ul>\n<li>100% biologisch<\/li>\n<li>Eignet sich gut f\u00fcr Backwaren und Erg\u00e4nzung f\u00fcr jede Art von Essen<\/li>\n<li>Produziert mit traditioneller Steinm\u00fchle \u2013 Verarbeitung mit niedrigerer Temperatur als bei herk\u00f6mmlichen Walzwerken<\/li>\n<li>Die Verarbeitung in der Steinm\u00fchle bleibt gesunde N\u00e4hrstoffe und beh\u00e4lt die Weichheit des Mehls<\/li>\n<li>Lagerung: trocken halten<\/li>\n<li>Mit erneuerbarer Energie produziert<\/li>\n<\/ul>\n<p><img loading=\"lazy\" decoding=\"async\" class=\"wp-image-553 alignnone\" src=\"https:\/\/tammejuure.ee\/wp-content\/uploads\/2017\/05\/%C3%96kom%C3%A4rgid-1.jpg\" alt=\"\" width=\"101\" height=\"61\" \/><\/p>","protected":false},"excerpt":{"rendered":"<p>Grobk\u00f6rniges Gerstenmehl<\/p>\n","protected":false},"featured_media":42636,"template":"","meta":[],"product_brand":[],"product_cat":[43],"product_tag":[],"class_list":{"0":"post-22862","1":"product","2":"type-product","3":"status-publish","4":"has-post-thumbnail","6":"product_cat-jahud","8":"first","9":"instock","10":"taxable","11":"shipping-taxable","12":"purchasable","13":"product-type-variable"},"_links":{"self":[{"href":"https:\/\/tammejuure.ee\/de\/wp-json\/wp\/v2\/product\/22862","targetHints":{"allow":["GET"]}}],"collection":[{"href":"https:\/\/tammejuure.ee\/de\/wp-json\/wp\/v2\/product"}],"about":[{"href":"https:\/\/tammejuure.ee\/de\/wp-json\/wp\/v2\/types\/product"}],"wp:featuredmedia":[{"embeddable":true,"href":"https:\/\/tammejuure.ee\/de\/wp-json\/wp\/v2\/media\/42636"}],"wp:attachment":[{"href":"https:\/\/tammejuure.ee\/de\/wp-json\/wp\/v2\/media?parent=22862"}],"wp:term":[{"taxonomy":"product_brand","embeddable":true,"href":"https:\/\/tammejuure.ee\/de\/wp-json\/wp\/v2\/product_brand?post=22862"},{"taxonomy":"product_cat","embeddable":true,"href":"https:\/\/tammejuure.ee\/de\/wp-json\/wp\/v2\/product_cat?post=22862"},{"taxonomy":"product_tag","embeddable":true,"href":"https:\/\/tammejuure.ee\/de\/wp-json\/wp\/v2\/product_tag?post=22862"}],"curies":[{"name":"wp","href":"https:\/\/api.w.org\/{rel}","templated":true}]}}