{"id":22857,"date":"2020-11-18T10:39:55","date_gmt":"2020-11-18T08:39:55","guid":{"rendered":"https:\/\/tammejuure.ee\/?post_type=product&#038;p=22857"},"modified":"2026-04-11T23:07:15","modified_gmt":"2026-04-11T20:07:15","slug":"toortatramanna-oko","status":"publish","type":"product","link":"https:\/\/tammejuure.ee\/de\/product\/toortatramanna-oko\/","title":{"rendered":"Buchweizengrie\u00df (bio)"},"content":{"rendered":"<p><\/p>\n<ul>\n<li>Grobk\u00f6rniger Buchweizengrie\u00df<\/li>\n<li>Eignet sich gut f\u00fcr Backwaren und Erg\u00e4nzung f\u00fcr jede Art von Essen<\/li>\n<li>Lagerung: trocken halten<\/li>\n<li>Mit erneuerbarer Energie produziert<\/li>\n<\/ul>\n<p><img loading=\"lazy\" decoding=\"async\" class=\"wp-image-30758 alignnone\" src=\"https:\/\/tammejuure.ee\/wp-content\/uploads\/2020\/11\/Okomargid-2023.jpg\" alt=\"\" width=\"146\" height=\"92\" \/><\/p>","protected":false},"excerpt":{"rendered":"<p>Grobk\u00f6rniger Buchweizengrie\u00df<\/p>\n","protected":false},"featured_media":42643,"template":"","meta":[],"product_brand":[],"product_cat":[69],"product_tag":[],"class_list":{"0":"post-22857","1":"product","2":"type-product","3":"status-publish","4":"has-post-thumbnail","6":"product_cat-mannad","8":"first","9":"instock","10":"taxable","11":"shipping-taxable","12":"purchasable","13":"product-type-variable","14":"has-default-attributes"},"_links":{"self":[{"href":"https:\/\/tammejuure.ee\/de\/wp-json\/wp\/v2\/product\/22857","targetHints":{"allow":["GET"]}}],"collection":[{"href":"https:\/\/tammejuure.ee\/de\/wp-json\/wp\/v2\/product"}],"about":[{"href":"https:\/\/tammejuure.ee\/de\/wp-json\/wp\/v2\/types\/product"}],"wp:featuredmedia":[{"embeddable":true,"href":"https:\/\/tammejuure.ee\/de\/wp-json\/wp\/v2\/media\/42643"}],"wp:attachment":[{"href":"https:\/\/tammejuure.ee\/de\/wp-json\/wp\/v2\/media?parent=22857"}],"wp:term":[{"taxonomy":"product_brand","embeddable":true,"href":"https:\/\/tammejuure.ee\/de\/wp-json\/wp\/v2\/product_brand?post=22857"},{"taxonomy":"product_cat","embeddable":true,"href":"https:\/\/tammejuure.ee\/de\/wp-json\/wp\/v2\/product_cat?post=22857"},{"taxonomy":"product_tag","embeddable":true,"href":"https:\/\/tammejuure.ee\/de\/wp-json\/wp\/v2\/product_tag?post=22857"}],"curies":[{"name":"wp","href":"https:\/\/api.w.org\/{rel}","templated":true}]}}