{"id":22342,"date":"2020-11-09T09:37:16","date_gmt":"2020-11-09T07:37:16","guid":{"rendered":"https:\/\/tammejuure.ee\/?post_type=product&#038;p=22342"},"modified":"2026-02-03T09:27:10","modified_gmt":"2026-02-03T07:27:10","slug":"kinkekomplekt-tervis-paikesest","status":"publish","type":"product","link":"https:\/\/tammejuure.ee\/de\/product\/kinkekomplekt-tervis-paikesest\/","title":{"rendered":"Hanfgeschenksatz (bio)"},"content":{"rendered":"<p><\/p>\n<ul>\n<li>Enth\u00e4lt Hanf\u00f6l, gesch\u00e4lte Hanfsamen, Hanftee<\/li>\n<li>Produkte sind verschiedene Anwendungsm\u00f6glichkeiten: f\u00fcr Nahrung, St\u00e4rkung der Gesundheit, K\u00f6rperpflege<\/li>\n<li>Passt gut f\u00fcr Damen, Herren, Jung und Alt<\/li>\n<li>Produziert mit erneuerbarer Energie<\/li>\n<\/ul>\n<p><img loading=\"lazy\" decoding=\"async\" class=\"wp-image-553 alignnone\" src=\"https:\/\/tammejuure.ee\/wp-content\/uploads\/2017\/05\/\u00d6kom\u00e4rgid-1.jpg\" alt=\"\" width=\"101\" height=\"61\" srcset=\"https:\/\/tammejuure.ee\/wp-content\/uploads\/2017\/05\/\u00d6kom\u00e4rgid-1.jpg 564w, https:\/\/tammejuure.ee\/wp-content\/uploads\/2017\/05\/\u00d6kom\u00e4rgid-1-300x181.jpg 300w\" sizes=\"auto, (max-width: 101px) 100vw, 101px\" \/><\/p>","protected":false},"excerpt":{"rendered":"<p>Exklusives Geschenk zum Jubil\u00e4um, Preis, Andenken, Weihnachten!<\/p>\n","protected":false},"featured_media":26782,"template":"","meta":[],"product_brand":[],"product_cat":[44,42,52],"product_tag":[],"class_list":{"0":"post-22342","1":"product","2":"type-product","3":"status-publish","4":"has-post-thumbnail","6":"product_cat-kanepitooted","7":"product_cat-olid","8":"product_cat-heahind","9":"product_shipping_class-default","11":"first","12":"instock","13":"sale","14":"taxable","15":"shipping-taxable","16":"purchasable","17":"product-type-simple"},"_links":{"self":[{"href":"https:\/\/tammejuure.ee\/de\/wp-json\/wp\/v2\/product\/22342","targetHints":{"allow":["GET"]}}],"collection":[{"href":"https:\/\/tammejuure.ee\/de\/wp-json\/wp\/v2\/product"}],"about":[{"href":"https:\/\/tammejuure.ee\/de\/wp-json\/wp\/v2\/types\/product"}],"wp:featuredmedia":[{"embeddable":true,"href":"https:\/\/tammejuure.ee\/de\/wp-json\/wp\/v2\/media\/26782"}],"wp:attachment":[{"href":"https:\/\/tammejuure.ee\/de\/wp-json\/wp\/v2\/media?parent=22342"}],"wp:term":[{"taxonomy":"product_brand","embeddable":true,"href":"https:\/\/tammejuure.ee\/de\/wp-json\/wp\/v2\/product_brand?post=22342"},{"taxonomy":"product_cat","embeddable":true,"href":"https:\/\/tammejuure.ee\/de\/wp-json\/wp\/v2\/product_cat?post=22342"},{"taxonomy":"product_tag","embeddable":true,"href":"https:\/\/tammejuure.ee\/de\/wp-json\/wp\/v2\/product_tag?post=22342"}],"curies":[{"name":"wp","href":"https:\/\/api.w.org\/{rel}","templated":true}]}}