{"id":197,"date":"2017-05-28T07:53:36","date_gmt":"2017-05-28T04:53:36","guid":{"rendered":"https:\/\/tammejuure.ee\/?post_type=product&#038;p=197"},"modified":"2024-05-03T14:51:51","modified_gmt":"2024-05-03T11:51:51","slug":"kinkekomplekt","status":"publish","type":"product","link":"https:\/\/tammejuure.ee\/de\/product\/kinkekomplekt\/","title":{"rendered":"Hanfgeschenksatz (bio)"},"content":{"rendered":"<p><\/p>\n<ul>\n<li>Ein Set besteht aus einem Hanf\u00f6l, Hanfmehl und eine Hanf Tee<\/li>\n<li>Die Produkte haben verschiedene Verwendungsm\u00f6glichkeiten: die sind f\u00fcr Kochen, f\u00fcr die Gesundheit und f\u00fcr K\u00f6rperpflege geeignet<\/li>\n<li>Es passt f\u00fcr Frauen, M\u00e4nner, Jugendliche und Senioren<\/li>\n<li><strong>Hanf\u00f6l<\/strong> \u2013 (Enth\u00e4lt reichlich Omega- 3 und Omega- 6 Fetts\u00e4uren und Vitamin E). Eine gute Beimischung f\u00fcr die Speise, man kann es mit einem Essl\u00f6ffel einnehmen und damit die Haut und Haare pflegen. Das beste \u00f6kologische Produkt in Estland 2013<\/li>\n<li><strong>Hanfmehl <\/strong>\u2013 (50 % Eiwei\u03b2, 15,4 % Ballaststoffe), eine gute Beimischung f\u00fcr die Speise, Geb\u00e4cke und Smoothies, weil es ihre Ern\u00e4hrungswert erh\u00f6ht und die Verdauung f\u00f6rdert<\/li>\n<\/ul>\n<p>Frage einem Angebot nach!<\/p>\n<p><img loading=\"lazy\" decoding=\"async\" class=\"wp-image-553 alignnone\" src=\"https:\/\/tammejuure.ee\/wp-content\/uploads\/2017\/05\/\u00d6kom\u00e4rgid-1.jpg\" alt=\"\" width=\"101\" height=\"61\" srcset=\"https:\/\/tammejuure.ee\/wp-content\/uploads\/2017\/05\/\u00d6kom\u00e4rgid-1.jpg 564w, https:\/\/tammejuure.ee\/wp-content\/uploads\/2017\/05\/\u00d6kom\u00e4rgid-1-300x181.jpg 300w\" sizes=\"auto, (max-width: 101px) 100vw, 101px\" \/><\/p>","protected":false},"excerpt":{"rendered":"<p>Ein aussteigendes und exklusives Geschenk f\u00fcr die Jahrestage, den Preis, als das Gastgeschenk oder f\u00fcr Weihnachten!<\/p>\n","protected":false},"featured_media":1755,"template":"","meta":[],"product_brand":[],"product_cat":[44,42],"product_tag":[],"class_list":{"0":"post-197","1":"product","2":"type-product","3":"status-publish","4":"has-post-thumbnail","6":"product_cat-kanepitooted","7":"product_cat-olid","8":"product_shipping_class-default","10":"first","11":"instock","12":"taxable","13":"shipping-taxable","14":"purchasable","15":"product-type-simple"},"_links":{"self":[{"href":"https:\/\/tammejuure.ee\/de\/wp-json\/wp\/v2\/product\/197","targetHints":{"allow":["GET"]}}],"collection":[{"href":"https:\/\/tammejuure.ee\/de\/wp-json\/wp\/v2\/product"}],"about":[{"href":"https:\/\/tammejuure.ee\/de\/wp-json\/wp\/v2\/types\/product"}],"wp:featuredmedia":[{"embeddable":true,"href":"https:\/\/tammejuure.ee\/de\/wp-json\/wp\/v2\/media\/1755"}],"wp:attachment":[{"href":"https:\/\/tammejuure.ee\/de\/wp-json\/wp\/v2\/media?parent=197"}],"wp:term":[{"taxonomy":"product_brand","embeddable":true,"href":"https:\/\/tammejuure.ee\/de\/wp-json\/wp\/v2\/product_brand?post=197"},{"taxonomy":"product_cat","embeddable":true,"href":"https:\/\/tammejuure.ee\/de\/wp-json\/wp\/v2\/product_cat?post=197"},{"taxonomy":"product_tag","embeddable":true,"href":"https:\/\/tammejuure.ee\/de\/wp-json\/wp\/v2\/product_tag?post=197"}],"curies":[{"name":"wp","href":"https:\/\/api.w.org\/{rel}","templated":true}]}}