{"id":1838,"date":"2018-12-10T07:05:50","date_gmt":"2018-12-10T05:05:50","guid":{"rendered":"https:\/\/tammejuure.ee\/?post_type=product&#038;p=1838"},"modified":"2026-02-03T09:26:22","modified_gmt":"2026-02-03T07:26:22","slug":"kinkekomplekt-mahe-oko","status":"publish","type":"product","link":"https:\/\/tammejuure.ee\/de\/product\/kinkekomplekt-mahe-oko\/","title":{"rendered":"Hanfgeschenksatz (bio)"},"content":{"rendered":"<p><\/p>\n<ul>\n<li>Enth\u00e4lt Weizenmehl, R\u00fcbenraps\u00f6l, Hanftee<\/li>\n<li>Das Steinmehl der Steinm\u00fchle eignet sich zum Backen und Kochen, Raps\u00f6l zum Braten, Marinaden, Pasten, Geb\u00e4ck streichen, in den Teig geben, besonders goldene Speisen hinterlassen und Hanftee ist ein reinigender und entspannender Abendtee f\u00fcr den K\u00f6rper<\/li>\n<li>Geeignet f\u00fcr Frauen, M\u00e4nner, Jugendliche und \u00e4ltere Menschen<\/li>\n<li>Produziert mit erneuerbarer Energie<\/li>\n<\/ul>\n<p>Es ist m\u00f6glich, Ihr eigenes Geschenkset aus Bio-Produkten von Tammejuure (R\u00fcbsen\u00f6l, Camolina\u00f6l, Weizenmehl, Grie\u00df, Hanftee etc.) zu kombinieren. Angebot anfordern!<\/p>","protected":false},"excerpt":{"rendered":"<p>Exklusives Geschenk zum Jubil\u00e4um, Preis, Andenken, Weihnachten!<\/p>\n","protected":false},"featured_media":37659,"template":"","meta":[],"product_brand":[],"product_cat":[43,42],"product_tag":[],"class_list":{"0":"post-1838","1":"product","2":"type-product","3":"status-publish","4":"has-post-thumbnail","6":"product_cat-jahud","7":"product_cat-olid","9":"first","10":"instock","11":"taxable","12":"shipping-taxable","13":"purchasable","14":"product-type-simple"},"_links":{"self":[{"href":"https:\/\/tammejuure.ee\/de\/wp-json\/wp\/v2\/product\/1838","targetHints":{"allow":["GET"]}}],"collection":[{"href":"https:\/\/tammejuure.ee\/de\/wp-json\/wp\/v2\/product"}],"about":[{"href":"https:\/\/tammejuure.ee\/de\/wp-json\/wp\/v2\/types\/product"}],"wp:featuredmedia":[{"embeddable":true,"href":"https:\/\/tammejuure.ee\/de\/wp-json\/wp\/v2\/media\/37659"}],"wp:attachment":[{"href":"https:\/\/tammejuure.ee\/de\/wp-json\/wp\/v2\/media?parent=1838"}],"wp:term":[{"taxonomy":"product_brand","embeddable":true,"href":"https:\/\/tammejuure.ee\/de\/wp-json\/wp\/v2\/product_brand?post=1838"},{"taxonomy":"product_cat","embeddable":true,"href":"https:\/\/tammejuure.ee\/de\/wp-json\/wp\/v2\/product_cat?post=1838"},{"taxonomy":"product_tag","embeddable":true,"href":"https:\/\/tammejuure.ee\/de\/wp-json\/wp\/v2\/product_tag?post=1838"}],"curies":[{"name":"wp","href":"https:\/\/api.w.org\/{rel}","templated":true}]}}