{"id":159,"date":"2017-05-27T12:31:41","date_gmt":"2017-05-27T09:31:41","guid":{"rendered":"https:\/\/tammejuure.ee\/?post_type=product&#038;p=159"},"modified":"2026-02-03T10:18:55","modified_gmt":"2026-02-03T08:18:55","slug":"kanepioli-toidulisand-lemmikloomale","status":"publish","type":"product","link":"https:\/\/tammejuure.ee\/de\/product\/kanepioli-toidulisand-lemmikloomale\/","title":{"rendered":"Nahrungserg\u00e4nzungsmittel f\u00fcr die Tiere aus Hanf\u00f6l"},"content":{"rendered":"<p><\/p>\n<ul>\n<li>Es ist aus Hanfsamen produziert, die durch Kaltpressung ins \u00d6l gemacht wird<\/li>\n<li>100 % \u00f6kologische Produktion, vom im eigenen Land entstandenem Ausgangsmaterial<\/li>\n<li>Es ist f\u00fcr die Pferde, Rinder, Ziegen, Schafe, Hunde und Katze geeignet<\/li>\n<li>100gr enth\u00e4lt: Energie 3700 kJ\/884 kcal; Fett 100gr, davon ges\u00e4ttigte Fetts\u00e4uren 9,9 gr und unsaturierte Fetts\u00e4uren 72,2 gr; Kohlenhydrate 0 gr, davon Zucker 0 gr; Eiwei\u03b2 0 gr; Salz 0 gr; Linols\u00e4ure 52,6 gr; Linolens\u00e4ure 18,8 gr<\/li>\n<li>Bewahrungsbedingungen: im k\u00fchlen halten<\/li>\n<\/ul>\n<p><img loading=\"lazy\" decoding=\"async\" class=\"wp-image-553  alignnone\" src=\"https:\/\/tammejuure.ee\/wp-content\/uploads\/2017\/05\/\u00d6kom\u00e4rgid-1.jpg\" alt=\"\" width=\"101\" height=\"61\" srcset=\"https:\/\/tammejuure.ee\/wp-content\/uploads\/2017\/05\/\u00d6kom\u00e4rgid-1.jpg 564w, https:\/\/tammejuure.ee\/wp-content\/uploads\/2017\/05\/\u00d6kom\u00e4rgid-1-300x181.jpg 300w\" sizes=\"auto, (max-width: 101px) 100vw, 101px\" \/><\/p>\n<p>Erreichbar in 3 und 5 Liter Verpackung, nach dem Wunsch auch gr\u00f6\u03b2ere Menge, frage den Angebot nach!<\/p>","protected":false},"excerpt":{"rendered":"<p>Nahrungserg\u00e4nzungsmittel f\u00fcr die Tiere, der reichlich Omega- 3 und Omega- 6 Fetts\u00e4uren, Blattgr\u00fcn und N\u00e4hrstoffe enth\u00e4lt<\/p>\n","protected":false},"featured_media":42521,"template":"","meta":[],"product_brand":[],"product_cat":[47],"product_tag":[],"class_list":{"0":"post-159","1":"product","2":"type-product","3":"status-publish","4":"has-post-thumbnail","6":"product_cat-loomadele","7":"product_shipping_class-default","9":"first","10":"instock","11":"taxable","12":"shipping-taxable","13":"purchasable","14":"product-type-variable","15":"has-default-attributes"},"_links":{"self":[{"href":"https:\/\/tammejuure.ee\/de\/wp-json\/wp\/v2\/product\/159","targetHints":{"allow":["GET"]}}],"collection":[{"href":"https:\/\/tammejuure.ee\/de\/wp-json\/wp\/v2\/product"}],"about":[{"href":"https:\/\/tammejuure.ee\/de\/wp-json\/wp\/v2\/types\/product"}],"wp:featuredmedia":[{"embeddable":true,"href":"https:\/\/tammejuure.ee\/de\/wp-json\/wp\/v2\/media\/42521"}],"wp:attachment":[{"href":"https:\/\/tammejuure.ee\/de\/wp-json\/wp\/v2\/media?parent=159"}],"wp:term":[{"taxonomy":"product_brand","embeddable":true,"href":"https:\/\/tammejuure.ee\/de\/wp-json\/wp\/v2\/product_brand?post=159"},{"taxonomy":"product_cat","embeddable":true,"href":"https:\/\/tammejuure.ee\/de\/wp-json\/wp\/v2\/product_cat?post=159"},{"taxonomy":"product_tag","embeddable":true,"href":"https:\/\/tammejuure.ee\/de\/wp-json\/wp\/v2\/product_tag?post=159"}],"curies":[{"name":"wp","href":"https:\/\/api.w.org\/{rel}","templated":true}]}}