{"id":1540,"date":"2018-09-04T07:20:25","date_gmt":"2018-09-04T04:20:25","guid":{"rendered":"https:\/\/tammejuure.ee\/?post_type=product&#038;p=1540"},"modified":"2026-02-18T12:26:24","modified_gmt":"2026-02-18T10:26:24","slug":"kaeraklii-oko","status":"publish","type":"product","link":"https:\/\/tammejuure.ee\/de\/product\/kaeraklii-oko\/","title":{"rendered":"Haferton (Bio)"},"content":{"rendered":"<p><\/p>\n<ul>\n<li id=\"tw-target-text\" class=\"tw-data-text tw-text-large tw-ta\" dir=\"ltr\" data-placeholder=\"T\u00f5lge\" data-ved=\"2ahUKEwiBp9eBgKGLAxWVKRAIHSofNxMQ3ewLegQIBxAV\" aria-label=\"T\u00f5lgitud tekst: Zur Zubereitung von Brei und Smoothies sowie zum Hinzuf\u00fcgen zu Lebensmitteln, um den Ballaststoff- und Mineralstoffgehalt zu erh\u00f6hen Haferkleie mit Beta-Glucan, reichlich Fetts\u00e4uren und Tocopherol 100 % \u00f6kologisch produzierter und selbst angebauter Rohstoff Mit glutenfreien Maschinen verarbeitet Hafer ist leicht verdaulich, reich an Vitamin B1 und enth\u00e4lt viele Mineralstoffe, insbesondere Kalium, Magnesium und Eisen, sowie Phosphor und Ballaststoffe Trocken halten\"><span class=\"Y2IQFc\" lang=\"de\">Zur Zubereitung von Brei und Smoothies sowie zum Hinzuf\u00fcgen zu Lebensmitteln, um den Ballaststoff- und Mineralstoffgehalt zu erh\u00f6hen<\/span><\/li>\n<li class=\"tw-data-text tw-text-large tw-ta\" dir=\"ltr\" data-placeholder=\"T\u00f5lge\" data-ved=\"2ahUKEwiBp9eBgKGLAxWVKRAIHSofNxMQ3ewLegQIBxAV\" aria-label=\"T\u00f5lgitud tekst: Zur Zubereitung von Brei und Smoothies sowie zum Hinzuf\u00fcgen zu Lebensmitteln, um den Ballaststoff- und Mineralstoffgehalt zu erh\u00f6hen Haferkleie mit Beta-Glucan, reichlich Fetts\u00e4uren und Tocopherol 100 % \u00f6kologisch produzierter und selbst angebauter Rohstoff Mit glutenfreien Maschinen verarbeitet Hafer ist leicht verdaulich, reich an Vitamin B1 und enth\u00e4lt viele Mineralstoffe, insbesondere Kalium, Magnesium und Eisen, sowie Phosphor und Ballaststoffe Trocken halten\"><span class=\"Y2IQFc\" lang=\"de\">100 % \u00f6kologisch produzierter und selbst angebauter Rohstoff<\/span><\/li>\n<li class=\"tw-data-text tw-text-large tw-ta\" dir=\"ltr\" data-placeholder=\"T\u00f5lge\" data-ved=\"2ahUKEwiBp9eBgKGLAxWVKRAIHSofNxMQ3ewLegQIBxAV\" aria-label=\"T\u00f5lgitud tekst: Zur Zubereitung von Brei und Smoothies sowie zum Hinzuf\u00fcgen zu Lebensmitteln, um den Ballaststoff- und Mineralstoffgehalt zu erh\u00f6hen Haferkleie mit Beta-Glucan, reichlich Fetts\u00e4uren und Tocopherol 100 % \u00f6kologisch produzierter und selbst angebauter Rohstoff Mit glutenfreien Maschinen verarbeitet Hafer ist leicht verdaulich, reich an Vitamin B1 und enth\u00e4lt viele Mineralstoffe, insbesondere Kalium, Magnesium und Eisen, sowie Phosphor und Ballaststoffe Trocken halten\"><span class=\"Y2IQFc\" lang=\"de\">Mit glutenfreien Maschinen verarbeitet<\/span><\/li>\n<li class=\"tw-data-text tw-text-large tw-ta\" dir=\"ltr\" data-placeholder=\"T\u00f5lge\" data-ved=\"2ahUKEwiBp9eBgKGLAxWVKRAIHSofNxMQ3ewLegQIBxAV\" aria-label=\"T\u00f5lgitud tekst: Zur Zubereitung von Brei und Smoothies sowie zum Hinzuf\u00fcgen zu Lebensmitteln, um den Ballaststoff- und Mineralstoffgehalt zu erh\u00f6hen Haferkleie mit Beta-Glucan, reichlich Fetts\u00e4uren und Tocopherol 100 % \u00f6kologisch produzierter und selbst angebauter Rohstoff Mit glutenfreien Maschinen verarbeitet Hafer ist leicht verdaulich, reich an Vitamin B1 und enth\u00e4lt viele Mineralstoffe, insbesondere Kalium, Magnesium und Eisen, sowie Phosphor und Ballaststoffe Trocken halten\"><span class=\"Y2IQFc\" lang=\"de\">Trocken halten<\/span><\/li>\n<\/ul>\n<p><img loading=\"lazy\" decoding=\"async\" class=\"wp-image-30758 alignnone\" src=\"https:\/\/tammejuure.ee\/wp-content\/uploads\/2020\/11\/Okomargid-2023.jpg\" alt=\"\" width=\"146\" height=\"92\" \/><\/p>","protected":false},"excerpt":{"rendered":"<p>Haferton (Bio)<\/p>\n","protected":false},"featured_media":42647,"template":"","meta":[],"product_brand":[],"product_cat":[70],"product_tag":[],"class_list":{"0":"post-1540","1":"product","2":"type-product","3":"status-publish","4":"has-post-thumbnail","6":"product_cat-kliid","8":"first","9":"instock","10":"taxable","11":"shipping-taxable","12":"purchasable","13":"product-type-variable"},"_links":{"self":[{"href":"https:\/\/tammejuure.ee\/de\/wp-json\/wp\/v2\/product\/1540","targetHints":{"allow":["GET"]}}],"collection":[{"href":"https:\/\/tammejuure.ee\/de\/wp-json\/wp\/v2\/product"}],"about":[{"href":"https:\/\/tammejuure.ee\/de\/wp-json\/wp\/v2\/types\/product"}],"wp:featuredmedia":[{"embeddable":true,"href":"https:\/\/tammejuure.ee\/de\/wp-json\/wp\/v2\/media\/42647"}],"wp:attachment":[{"href":"https:\/\/tammejuure.ee\/de\/wp-json\/wp\/v2\/media?parent=1540"}],"wp:term":[{"taxonomy":"product_brand","embeddable":true,"href":"https:\/\/tammejuure.ee\/de\/wp-json\/wp\/v2\/product_brand?post=1540"},{"taxonomy":"product_cat","embeddable":true,"href":"https:\/\/tammejuure.ee\/de\/wp-json\/wp\/v2\/product_cat?post=1540"},{"taxonomy":"product_tag","embeddable":true,"href":"https:\/\/tammejuure.ee\/de\/wp-json\/wp\/v2\/product_tag?post=1540"}],"curies":[{"name":"wp","href":"https:\/\/api.w.org\/{rel}","templated":true}]}}