{"id":152,"date":"2017-05-26T22:05:22","date_gmt":"2017-05-26T19:05:22","guid":{"rendered":"https:\/\/tammejuure.ee\/?post_type=product&#038;p=152"},"modified":"2026-05-06T15:55:30","modified_gmt":"2026-05-06T12:55:30","slug":"proteiinipulber-mahe","status":"publish","type":"product","link":"https:\/\/tammejuure.ee\/de\/product\/proteiinipulber-mahe\/","title":{"rendered":"Proteinpulver aus Hanfsamen (Bio)"},"content":{"rendered":"<p><\/p>\n<ul>\n<li>Enth\u00e4lt 50% Eiwei\u03b2 und 22,5% Ballaststoffe<\/li>\n<li>Glutenfrei und mit nussigem Geschmack<\/li>\n<li>Der Energiegehalt des Proteinpulvers ist reduziert im Vergleich zu Energiegehalt des Hanfmehls<\/li>\n<li>Es ist f\u00fcr Vegetarier, Sportler, w\u00e4hrend Di\u00e4t und Magenverstimmung empfohlen<\/li>\n<li>100 % \u00f6kologisch, vom im eigenen Land entstandenem Ausgangsmaterial (Hanfsamen) produziert<\/li>\n<li>Bewahrungsbedingungen: im trocken halten<\/li>\n<li>Eine gute Beimischung f\u00fcr Smoothies, Hackbraten, Joghurt, So\u03b2e, Geb\u00e4cke und anderen Speisen f\u00fcr hohere Gesundheit<\/li>\n<li>Produziert mit erneuerbarer Energie<\/li>\n<\/ul>\n<p><img loading=\"lazy\" decoding=\"async\" class=\"wp-image-553 alignnone\" src=\"https:\/\/tammejuure.ee\/wp-content\/uploads\/2017\/05\/\u00d6kom\u00e4rgid-1.jpg\" alt=\"\" width=\"101\" height=\"61\" srcset=\"https:\/\/tammejuure.ee\/wp-content\/uploads\/2017\/05\/\u00d6kom\u00e4rgid-1.jpg 564w, https:\/\/tammejuure.ee\/wp-content\/uploads\/2017\/05\/\u00d6kom\u00e4rgid-1-300x181.jpg 300w\" sizes=\"auto, (max-width: 101px) 100vw, 101px\" \/><\/p>\n<p>Frage auch einem Angebot f\u00fcr den Gro\u03b2verkauf nach (Sonderpreis)!<\/p>","protected":false},"excerpt":{"rendered":"<p>Ein Pulver mit nussigem Geschmack und hohem Eiwei\u03b2- und Ballaststoffgehalt<\/p>\n","protected":false},"featured_media":42649,"template":"","meta":[],"product_brand":[],"product_cat":[44],"product_tag":[],"class_list":{"0":"post-152","1":"product","2":"type-product","3":"status-publish","4":"has-post-thumbnail","6":"product_cat-kanepitooted","7":"product_shipping_class-default","9":"first","10":"instock","11":"taxable","12":"shipping-taxable","13":"purchasable","14":"product-type-variable","15":"has-default-attributes"},"_links":{"self":[{"href":"https:\/\/tammejuure.ee\/de\/wp-json\/wp\/v2\/product\/152","targetHints":{"allow":["GET"]}}],"collection":[{"href":"https:\/\/tammejuure.ee\/de\/wp-json\/wp\/v2\/product"}],"about":[{"href":"https:\/\/tammejuure.ee\/de\/wp-json\/wp\/v2\/types\/product"}],"wp:featuredmedia":[{"embeddable":true,"href":"https:\/\/tammejuure.ee\/de\/wp-json\/wp\/v2\/media\/42649"}],"wp:attachment":[{"href":"https:\/\/tammejuure.ee\/de\/wp-json\/wp\/v2\/media?parent=152"}],"wp:term":[{"taxonomy":"product_brand","embeddable":true,"href":"https:\/\/tammejuure.ee\/de\/wp-json\/wp\/v2\/product_brand?post=152"},{"taxonomy":"product_cat","embeddable":true,"href":"https:\/\/tammejuure.ee\/de\/wp-json\/wp\/v2\/product_cat?post=152"},{"taxonomy":"product_tag","embeddable":true,"href":"https:\/\/tammejuure.ee\/de\/wp-json\/wp\/v2\/product_tag?post=152"}],"curies":[{"name":"wp","href":"https:\/\/api.w.org\/{rel}","templated":true}]}}