{"id":1353,"date":"2018-08-26T01:34:30","date_gmt":"2018-08-25T22:34:30","guid":{"rendered":"https:\/\/tammejuure.ee\/?post_type=product&#038;p=1353"},"modified":"2026-05-06T18:37:29","modified_gmt":"2026-05-06T15:37:29","slug":"rukkikroovjahu-oko","status":"publish","type":"product","link":"https:\/\/tammejuure.ee\/de\/product\/rukkikroovjahu-oko\/","title":{"rendered":"Roggenmehl, grobk\u00f6rnig (Bio)"},"content":{"rendered":"<p><\/p>\n<ul>\n<li>Grobk\u00f6rniges Roggenmehl in Steinm\u00fchle<\/li>\n<li>Eignet sich gut zum Backen und als Erg\u00e4nzung f\u00fcr jede Art von Lebensmitteln, besonders f\u00fcr Brot<\/li>\n<li>100% \u00f6kologisch produzierter und selbst angebauter Rohstoff<\/li>\n<li>Bleib trocken<\/li>\n<li>Mit erneuerbarer Energie produziert<\/li>\n<\/ul>\n<p><img loading=\"lazy\" decoding=\"async\" class=\"wp-image-553 alignnone\" src=\"https:\/\/tammejuure.ee\/wp-content\/uploads\/2017\/05\/%C3%96kom%C3%A4rgid-1.jpg\" alt=\"\" width=\"101\" height=\"61\" \/><\/p>","protected":false},"excerpt":{"rendered":"<p>Roggenmehl, grobk\u00f6rnig<\/p>\n","protected":false},"featured_media":42630,"template":"","meta":[],"product_brand":[],"product_cat":[43],"product_tag":[],"class_list":{"0":"post-1353","1":"product","2":"type-product","3":"status-publish","4":"has-post-thumbnail","6":"product_cat-jahud","8":"first","9":"instock","10":"taxable","11":"shipping-taxable","12":"purchasable","13":"product-type-variable"},"_links":{"self":[{"href":"https:\/\/tammejuure.ee\/de\/wp-json\/wp\/v2\/product\/1353","targetHints":{"allow":["GET"]}}],"collection":[{"href":"https:\/\/tammejuure.ee\/de\/wp-json\/wp\/v2\/product"}],"about":[{"href":"https:\/\/tammejuure.ee\/de\/wp-json\/wp\/v2\/types\/product"}],"wp:featuredmedia":[{"embeddable":true,"href":"https:\/\/tammejuure.ee\/de\/wp-json\/wp\/v2\/media\/42630"}],"wp:attachment":[{"href":"https:\/\/tammejuure.ee\/de\/wp-json\/wp\/v2\/media?parent=1353"}],"wp:term":[{"taxonomy":"product_brand","embeddable":true,"href":"https:\/\/tammejuure.ee\/de\/wp-json\/wp\/v2\/product_brand?post=1353"},{"taxonomy":"product_cat","embeddable":true,"href":"https:\/\/tammejuure.ee\/de\/wp-json\/wp\/v2\/product_cat?post=1353"},{"taxonomy":"product_tag","embeddable":true,"href":"https:\/\/tammejuure.ee\/de\/wp-json\/wp\/v2\/product_tag?post=1353"}],"curies":[{"name":"wp","href":"https:\/\/api.w.org\/{rel}","templated":true}]}}