{"id":1334,"date":"2018-08-26T00:50:03","date_gmt":"2018-08-25T21:50:03","guid":{"rendered":"https:\/\/tammejuure.ee\/?post_type=product&#038;p=1334"},"modified":"2026-02-18T12:40:48","modified_gmt":"2026-02-18T10:40:48","slug":"kaerajahu-oko","status":"publish","type":"product","link":"https:\/\/tammejuure.ee\/de\/product\/kaerajahu-oko\/","title":{"rendered":"Hafermehl (Bio)"},"content":{"rendered":"<p><\/p>\n<ul>\n<li id=\"tw-target-text\" class=\"tw-data-text tw-text-large tw-ta\" dir=\"ltr\" data-placeholder=\"T\u00f5lge\" data-ved=\"2ahUKEwiBp9eBgKGLAxWVKRAIHSofNxMQ3ewLegQIBxAV\" aria-label=\"T\u00f5lgitud tekst: Zur Zubereitung von Brei und Smoothies sowie zum Hinzuf\u00fcgen zu Lebensmitteln zur Erh\u00f6hung des Ballaststoff- und Mineralstoffgehalts Haferkleie mit Beta-Glucan, reichlich Fetts\u00e4uren und Tocopherol 100 % \u00f6kologisch produzierter und selbst angebauter Rohstoff Mit glutenfreien Maschinen verarbeitet Hafer ist leicht verdaulich, reich an Vitamin B1 und enth\u00e4lt viele Mineralstoffe, insbesondere Kalium, Magnesium und Eisen, sowie Phosphor und Ballaststoffe Trocken halten\"><span class=\"Y2IQFc\" lang=\"de\">Zur Zubereitung von Brei und Smoothies sowie zum Hinzuf\u00fcgen zu Lebensmitteln zur Erh\u00f6hung des Ballaststoff- und Mineralstoffgehalts<\/span><\/li>\n<li class=\"tw-data-text tw-text-large tw-ta\" dir=\"ltr\" data-placeholder=\"T\u00f5lge\" data-ved=\"2ahUKEwiBp9eBgKGLAxWVKRAIHSofNxMQ3ewLegQIBxAV\" aria-label=\"T\u00f5lgitud tekst: Zur Zubereitung von Brei und Smoothies sowie zum Hinzuf\u00fcgen zu Lebensmitteln zur Erh\u00f6hung des Ballaststoff- und Mineralstoffgehalts Haferkleie mit Beta-Glucan, reichlich Fetts\u00e4uren und Tocopherol 100 % \u00f6kologisch produzierter und selbst angebauter Rohstoff Mit glutenfreien Maschinen verarbeitet Hafer ist leicht verdaulich, reich an Vitamin B1 und enth\u00e4lt viele Mineralstoffe, insbesondere Kalium, Magnesium und Eisen, sowie Phosphor und Ballaststoffe Trocken halten\"><span class=\"Y2IQFc\" lang=\"de\">Haferkleie mit Beta-Glucan, reichlich Fetts\u00e4uren und Tocopherol<\/span><\/li>\n<li class=\"tw-data-text tw-text-large tw-ta\" dir=\"ltr\" data-placeholder=\"T\u00f5lge\" data-ved=\"2ahUKEwiBp9eBgKGLAxWVKRAIHSofNxMQ3ewLegQIBxAV\" aria-label=\"T\u00f5lgitud tekst: Zur Zubereitung von Brei und Smoothies sowie zum Hinzuf\u00fcgen zu Lebensmitteln zur Erh\u00f6hung des Ballaststoff- und Mineralstoffgehalts Haferkleie mit Beta-Glucan, reichlich Fetts\u00e4uren und Tocopherol 100 % \u00f6kologisch produzierter und selbst angebauter Rohstoff Mit glutenfreien Maschinen verarbeitet Hafer ist leicht verdaulich, reich an Vitamin B1 und enth\u00e4lt viele Mineralstoffe, insbesondere Kalium, Magnesium und Eisen, sowie Phosphor und Ballaststoffe Trocken halten\"><span class=\"Y2IQFc\" lang=\"de\">100 % \u00f6kologisch produzierter und selbst angebauter Rohstoff Mit glutenfreien Maschinen verarbeitet<\/span><\/li>\n<li class=\"tw-data-text tw-text-large tw-ta\" dir=\"ltr\" data-placeholder=\"T\u00f5lge\" data-ved=\"2ahUKEwiBp9eBgKGLAxWVKRAIHSofNxMQ3ewLegQIBxAV\" aria-label=\"T\u00f5lgitud tekst: Zur Zubereitung von Brei und Smoothies sowie zum Hinzuf\u00fcgen zu Lebensmitteln zur Erh\u00f6hung des Ballaststoff- und Mineralstoffgehalts Haferkleie mit Beta-Glucan, reichlich Fetts\u00e4uren und Tocopherol 100 % \u00f6kologisch produzierter und selbst angebauter Rohstoff Mit glutenfreien Maschinen verarbeitet Hafer ist leicht verdaulich, reich an Vitamin B1 und enth\u00e4lt viele Mineralstoffe, insbesondere Kalium, Magnesium und Eisen, sowie Phosphor und Ballaststoffe Trocken halten\"><span class=\"Y2IQFc\" lang=\"de\">Hafer ist leicht verdaulich, reich an Vitamin B1 und enth\u00e4lt viele Mineralstoffe, insbesondere Kalium, Magnesium und Eisen, sowie Phosphor und Ballaststoffe<\/span><\/li>\n<li class=\"tw-data-text tw-text-large tw-ta\" dir=\"ltr\" data-placeholder=\"T\u00f5lge\" data-ved=\"2ahUKEwiBp9eBgKGLAxWVKRAIHSofNxMQ3ewLegQIBxAV\" aria-label=\"T\u00f5lgitud tekst: Zur Zubereitung von Brei und Smoothies sowie zum Hinzuf\u00fcgen zu Lebensmitteln zur Erh\u00f6hung des Ballaststoff- und Mineralstoffgehalts Haferkleie mit Beta-Glucan, reichlich Fetts\u00e4uren und Tocopherol 100 % \u00f6kologisch produzierter und selbst angebauter Rohstoff Mit glutenfreien Maschinen verarbeitet Hafer ist leicht verdaulich, reich an Vitamin B1 und enth\u00e4lt viele Mineralstoffe, insbesondere Kalium, Magnesium und Eisen, sowie Phosphor und Ballaststoffe Trocken halten\"><span class=\"Y2IQFc\" lang=\"de\">Trocken halten<\/span><\/li>\n<\/ul>\n<p><\/p>","protected":false},"excerpt":{"rendered":"<p>Weiches, feines Hafermehl zum Backen und Kochen<\/p>\n","protected":false},"featured_media":42653,"template":"","meta":[],"product_brand":[],"product_cat":[43],"product_tag":[],"class_list":{"0":"post-1334","1":"product","2":"type-product","3":"status-publish","4":"has-post-thumbnail","6":"product_cat-jahud","8":"first","9":"instock","10":"taxable","11":"shipping-taxable","12":"purchasable","13":"product-type-variable","14":"has-default-attributes"},"_links":{"self":[{"href":"https:\/\/tammejuure.ee\/de\/wp-json\/wp\/v2\/product\/1334","targetHints":{"allow":["GET"]}}],"collection":[{"href":"https:\/\/tammejuure.ee\/de\/wp-json\/wp\/v2\/product"}],"about":[{"href":"https:\/\/tammejuure.ee\/de\/wp-json\/wp\/v2\/types\/product"}],"wp:featuredmedia":[{"embeddable":true,"href":"https:\/\/tammejuure.ee\/de\/wp-json\/wp\/v2\/media\/42653"}],"wp:attachment":[{"href":"https:\/\/tammejuure.ee\/de\/wp-json\/wp\/v2\/media?parent=1334"}],"wp:term":[{"taxonomy":"product_brand","embeddable":true,"href":"https:\/\/tammejuure.ee\/de\/wp-json\/wp\/v2\/product_brand?post=1334"},{"taxonomy":"product_cat","embeddable":true,"href":"https:\/\/tammejuure.ee\/de\/wp-json\/wp\/v2\/product_cat?post=1334"},{"taxonomy":"product_tag","embeddable":true,"href":"https:\/\/tammejuure.ee\/de\/wp-json\/wp\/v2\/product_tag?post=1334"}],"curies":[{"name":"wp","href":"https:\/\/api.w.org\/{rel}","templated":true}]}}