{"id":13013,"date":"2020-04-12T14:34:56","date_gmt":"2020-04-12T11:34:56","guid":{"rendered":"https:\/\/tammejuure.ee\/?post_type=product&#038;p=13013"},"modified":"2025-11-26T12:50:47","modified_gmt":"2025-11-26T10:50:47","slug":"kanepimass-loomadele-ja-looduskosmeetikaks-oko","status":"publish","type":"product","link":"https:\/\/tammejuure.ee\/de\/product\/kanepimass-loomadele-ja-looduskosmeetikaks-oko\/","title":{"rendered":"Nahrungserg\u00e4nzungsmittel f\u00fcr die Tiere (bio)"},"content":{"rendered":"<p><\/p>\n<ul>\n<li>Es ist aus Hanfsamen produziert, die durch Kaltpressung ins \u00d6l gemacht wird<\/li>\n<li>100 % \u00f6kologische Produktion, vom im eigenen Land entstandenem Ausgangsmaterial<\/li>\n<li>Es ist f\u00fcr die Pferde, Rinder, Ziegen, Schafe, Hunde und Katze geeignet<\/li>\n<li>100gr enth\u00e4lt: Energie 3700 kJ\/884 kcal; Fett 100gr, davon ges\u00e4ttigte Fetts\u00e4uren 9,9 gr und unsaturierte Fetts\u00e4uren 72,2 gr; Kohlenhydrate 0 gr, davon Zucker 0 gr; Eiwei\u03b2 0 gr; Salz 0 gr; Linols\u00e4ure 52,6 gr; Linolens\u00e4ure 18,8 gr<\/li>\n<li>Bewahrungsbedingungen: im k\u00fchlen halten<\/li>\n<li>Mit erneuerbarer Energie produziert<\/li>\n<\/ul>\n<p><img loading=\"lazy\" decoding=\"async\" class=\"wp-image-553 alignnone\" src=\"https:\/\/tammejuure.ee\/wp-content\/uploads\/2017\/05\/\u00d6kom\u00e4rgid-1.jpg\" alt=\"\" width=\"101\" height=\"61\" srcset=\"https:\/\/tammejuure.ee\/wp-content\/uploads\/2017\/05\/\u00d6kom\u00e4rgid-1.jpg 564w, https:\/\/tammejuure.ee\/wp-content\/uploads\/2017\/05\/\u00d6kom\u00e4rgid-1-300x181.jpg 300w\" sizes=\"auto, (max-width: 101px) 100vw, 101px\" \/><\/p>\n<p>Erreichbar in 3 und 5 Liter Verpackung, nach dem Wunsch auch gr\u00f6\u03b2ere Menge, frage den Angebot nach!<\/p>","protected":false},"excerpt":{"rendered":"<p>Nahrungserg\u00e4nzungsmittel f\u00fcr die Tiere, der reichlich Omega- 3 und Omega- 6 Fetts\u00e4uren, Blattgr\u00fcn und N\u00e4hrstoffe enth\u00e4lt<\/p>\n","protected":false},"featured_media":13363,"template":"","meta":[],"product_brand":[],"product_cat":[44,47],"product_tag":[],"class_list":{"0":"post-13013","1":"product","2":"type-product","3":"status-publish","4":"has-post-thumbnail","6":"product_cat-kanepitooted","7":"product_cat-loomadele","8":"product_shipping_class-default","10":"first","11":"instock","12":"taxable","13":"shipping-taxable","14":"purchasable","15":"product-type-simple"},"_links":{"self":[{"href":"https:\/\/tammejuure.ee\/de\/wp-json\/wp\/v2\/product\/13013","targetHints":{"allow":["GET"]}}],"collection":[{"href":"https:\/\/tammejuure.ee\/de\/wp-json\/wp\/v2\/product"}],"about":[{"href":"https:\/\/tammejuure.ee\/de\/wp-json\/wp\/v2\/types\/product"}],"wp:featuredmedia":[{"embeddable":true,"href":"https:\/\/tammejuure.ee\/de\/wp-json\/wp\/v2\/media\/13363"}],"wp:attachment":[{"href":"https:\/\/tammejuure.ee\/de\/wp-json\/wp\/v2\/media?parent=13013"}],"wp:term":[{"taxonomy":"product_brand","embeddable":true,"href":"https:\/\/tammejuure.ee\/de\/wp-json\/wp\/v2\/product_brand?post=13013"},{"taxonomy":"product_cat","embeddable":true,"href":"https:\/\/tammejuure.ee\/de\/wp-json\/wp\/v2\/product_cat?post=13013"},{"taxonomy":"product_tag","embeddable":true,"href":"https:\/\/tammejuure.ee\/de\/wp-json\/wp\/v2\/product_tag?post=13013"}],"curies":[{"name":"wp","href":"https:\/\/api.w.org\/{rel}","templated":true}]}}