{"id":128,"date":"2017-05-18T13:56:05","date_gmt":"2017-05-18T10:56:05","guid":{"rendered":"https:\/\/tammejuure.ee\/?post_type=product&#038;p=128"},"modified":"2026-05-06T15:57:07","modified_gmt":"2026-05-06T12:57:07","slug":"kanepiseemned-500g","status":"publish","type":"product","link":"https:\/\/tammejuure.ee\/de\/product\/kanepiseemned-500g\/","title":{"rendered":"Hanfsamen (Bio)"},"content":{"rendered":"<p><\/p>\n<ul>\n<li>Mit hohem Eiwei\u03b2 &#8211; und Ballaststoffgehalt<\/li>\n<li>Eine gute Quelle von Vitamin E und Antioxydationsmittel<\/li>\n<li>Enth\u00e4lt reichlich Omega- 3 und Omega- 6 Fetts\u00e4uren, Mineralstoffe und Vitamine (Magnesium, Zink, Kalzium, Eisen, Kalium und Phosphor)<\/li>\n<li>100 % \u00f6kologisch, vom im eigenen Land entstandenem Ausgangsmaterial (Hanfsamen) produziert<\/li>\n<li>Eine gute Beimischung f\u00fcr Geb\u00e4cke, Smoothies, M\u00fcsli, Joghurt und Haferbreie<\/li>\n<li>Bewahrungsbedingungen: im trocken halten<\/li>\n<li>Die Hanfsamen sind gut geeignet f\u00fcr Keimen und R\u00f6sten, das die Samen ein angenehmes Popcorn-Geschmack beitr\u00e4gt<\/li>\n<li>Produziert mit erneuerbarer Energie<\/li>\n<\/ul>\n<p><img loading=\"lazy\" decoding=\"async\" class=\"wp-image-553 alignnone\" src=\"https:\/\/tammejuure.ee\/wp-content\/uploads\/2017\/05\/\u00d6kom\u00e4rgid-1.jpg\" alt=\"\" width=\"101\" height=\"61\" srcset=\"https:\/\/tammejuure.ee\/wp-content\/uploads\/2017\/05\/\u00d6kom\u00e4rgid-1.jpg 564w, https:\/\/tammejuure.ee\/wp-content\/uploads\/2017\/05\/\u00d6kom\u00e4rgid-1-300x181.jpg 300w\" sizes=\"auto, (max-width: 101px) 100vw, 101px\" \/><\/p>\n<p>Frage auch einem Angebot f\u00fcr den Gro\u03b2verkauf nach (Sonderpreis)!<\/p>","protected":false},"excerpt":{"rendered":"<p>Knusprige, gesunde Samen sind eine gute Beimischung f\u00fcr verschiedene Speisen und f\u00fcr Nascherei<\/p>\n","protected":false},"featured_media":42651,"template":"","meta":[],"product_brand":[],"product_cat":[44,45],"product_tag":[],"class_list":{"0":"post-128","1":"product","2":"type-product","3":"status-publish","4":"has-post-thumbnail","6":"product_cat-kanepitooted","7":"product_cat-teraviljad","8":"product_shipping_class-default","10":"first","11":"instock","12":"taxable","13":"shipping-taxable","14":"purchasable","15":"product-type-variable","16":"has-default-attributes"},"_links":{"self":[{"href":"https:\/\/tammejuure.ee\/de\/wp-json\/wp\/v2\/product\/128","targetHints":{"allow":["GET"]}}],"collection":[{"href":"https:\/\/tammejuure.ee\/de\/wp-json\/wp\/v2\/product"}],"about":[{"href":"https:\/\/tammejuure.ee\/de\/wp-json\/wp\/v2\/types\/product"}],"wp:featuredmedia":[{"embeddable":true,"href":"https:\/\/tammejuure.ee\/de\/wp-json\/wp\/v2\/media\/42651"}],"wp:attachment":[{"href":"https:\/\/tammejuure.ee\/de\/wp-json\/wp\/v2\/media?parent=128"}],"wp:term":[{"taxonomy":"product_brand","embeddable":true,"href":"https:\/\/tammejuure.ee\/de\/wp-json\/wp\/v2\/product_brand?post=128"},{"taxonomy":"product_cat","embeddable":true,"href":"https:\/\/tammejuure.ee\/de\/wp-json\/wp\/v2\/product_cat?post=128"},{"taxonomy":"product_tag","embeddable":true,"href":"https:\/\/tammejuure.ee\/de\/wp-json\/wp\/v2\/product_tag?post=128"}],"curies":[{"name":"wp","href":"https:\/\/api.w.org\/{rel}","templated":true}]}}