{"id":10735,"date":"2020-03-11T12:45:40","date_gmt":"2020-03-11T10:45:40","guid":{"rendered":"https:\/\/tammejuure.ee\/?post_type=product&#038;p=10735"},"modified":"2026-02-18T12:08:16","modified_gmt":"2026-02-18T10:08:16","slug":"maitseoli-tsilliga-oko","status":"publish","type":"product","link":"https:\/\/tammejuure.ee\/de\/product\/maitseoli-tsilliga-oko\/","title":{"rendered":"R\u00fcbenraps\u00f6l mit Chili (bio)"},"content":{"rendered":"<p><\/p>\n<ul>\n<li>Bio-Alternative f\u00fcr gew\u00f6hnliches Raps\u00f6l<\/li>\n<li>Reines kaltgepresstes Speise\u00f6l mit Chili-Geschmack<\/li>\n<li>Zum Braten von Kartoffeln, Gem\u00fcse, zum Kochen, Marinaden und Pasta<\/li>\n<li>Mit goldener Farbe und angenehmem Geschmack<\/li>\n<li>Lagerung: trocken halten<\/li>\n<li>Mit erneuerbarer Energie produziert<\/li>\n<\/ul>\n<p><img loading=\"lazy\" decoding=\"async\" class=\"wp-image-553 alignnone\" src=\"https:\/\/tammejuure.ee\/wp-content\/uploads\/2017\/05\/%C3%96kom%C3%A4rgid-1.jpg\" alt=\"\" width=\"101\" height=\"61\" \/><\/p>","protected":false},"excerpt":{"rendered":"<p>R\u00fcbenraps\u00f6l mit Chili (bio)<\/p>\n","protected":false},"featured_media":42619,"template":"","meta":[],"product_brand":[],"product_cat":[42],"product_tag":[],"class_list":{"0":"post-10735","1":"product","2":"type-product","3":"status-publish","4":"has-post-thumbnail","6":"product_cat-olid","8":"first","9":"instock","10":"taxable","11":"shipping-taxable","12":"purchasable","13":"product-type-simple"},"_links":{"self":[{"href":"https:\/\/tammejuure.ee\/de\/wp-json\/wp\/v2\/product\/10735","targetHints":{"allow":["GET"]}}],"collection":[{"href":"https:\/\/tammejuure.ee\/de\/wp-json\/wp\/v2\/product"}],"about":[{"href":"https:\/\/tammejuure.ee\/de\/wp-json\/wp\/v2\/types\/product"}],"wp:featuredmedia":[{"embeddable":true,"href":"https:\/\/tammejuure.ee\/de\/wp-json\/wp\/v2\/media\/42619"}],"wp:attachment":[{"href":"https:\/\/tammejuure.ee\/de\/wp-json\/wp\/v2\/media?parent=10735"}],"wp:term":[{"taxonomy":"product_brand","embeddable":true,"href":"https:\/\/tammejuure.ee\/de\/wp-json\/wp\/v2\/product_brand?post=10735"},{"taxonomy":"product_cat","embeddable":true,"href":"https:\/\/tammejuure.ee\/de\/wp-json\/wp\/v2\/product_cat?post=10735"},{"taxonomy":"product_tag","embeddable":true,"href":"https:\/\/tammejuure.ee\/de\/wp-json\/wp\/v2\/product_tag?post=10735"}],"curies":[{"name":"wp","href":"https:\/\/api.w.org\/{rel}","templated":true}]}}