{"id":10473,"date":"2020-03-05T11:11:19","date_gmt":"2020-03-05T09:11:19","guid":{"rendered":"https:\/\/tammejuure.ee\/?post_type=product&#038;p=10473"},"modified":"2026-04-05T12:26:18","modified_gmt":"2026-04-05T09:26:18","slug":"kanepioli-pihustiga-100ml","status":"publish","type":"product","link":"https:\/\/tammejuure.ee\/de\/product\/kanepioli-pihustiga-100ml\/","title":{"rendered":"Hanf\u00f6l Spray (bio)"},"content":{"rendered":"<p><\/p>\n<ul>\n<li>Hanf\u00f6l von Tammejuure landwirtschaftlicher Betrieb \u2013 das beste \u00f6kologische Produkt in Estland 2013 (1. Platz)<\/li>\n<li>Enth\u00e4lt reichlich Omega- 3 und Omega- 6 Fetts\u00e4uren, die den Cholesterinwert unter Kontrolle zu haben helfen<\/li>\n<li>Enth\u00e4lt Vitamin E, Antioxydationsmittel und Blattgr\u00fcn \u2013 pflegt und befeuchtet die Haut und Haare, es ist passend f\u00fcr Massage, vermeidet Dehnungsstreifen<\/li>\n<li>Mit nussigem Geschmack und gr\u00fcner Farbe<\/li>\n<li>Benutze die ge\u00f6ffnete Hanf\u00f6l Flasche w\u00e4hrend 2 Monate f\u00fcr Ern\u00e4hrung, danach f\u00fcr die Haut und Haare<\/li>\n<li>Es ist f\u00fcr Vegetarier, Sportler, w\u00e4hrend Di\u00e4t und Magenverstimmung empfohlen<\/li>\n<li>Produziert mit erneuerbarer Energie<\/li>\n<\/ul>\n<p><img loading=\"lazy\" decoding=\"async\" class=\"wp-image-553 alignnone\" src=\"https:\/\/tammejuure.ee\/wp-content\/uploads\/2017\/05\/\u00d6kom\u00e4rgid-1.jpg\" alt=\"\" width=\"101\" height=\"61\" srcset=\"https:\/\/tammejuure.ee\/wp-content\/uploads\/2017\/05\/\u00d6kom\u00e4rgid-1.jpg 564w, https:\/\/tammejuure.ee\/wp-content\/uploads\/2017\/05\/\u00d6kom\u00e4rgid-1-300x181.jpg 300w\" sizes=\"auto, (max-width: 101px) 100vw, 101px\" \/><\/p>\n<p>Frage auch einem Angebot f\u00fcr den Gro\u03b2verkauf nach (Sonderpreis)!<\/p>","protected":false},"excerpt":{"rendered":"<p>Beruhigendes, feuchtigkeitsspendendes und pflegendes Natur\u00f6l f\u00fcr Haut und Haar<\/p>\n","protected":false},"featured_media":14042,"template":"","meta":[],"product_brand":[],"product_cat":[44,38,42],"product_tag":[],"class_list":{"0":"post-10473","1":"product","2":"type-product","3":"status-publish","4":"has-post-thumbnail","6":"product_cat-kanepitooted","7":"product_cat-nahale-ja-juustele","8":"product_cat-olid","9":"product_shipping_class-default","11":"first","12":"instock","13":"taxable","14":"shipping-taxable","15":"purchasable","16":"product-type-variable","17":"has-default-attributes"},"_links":{"self":[{"href":"https:\/\/tammejuure.ee\/de\/wp-json\/wp\/v2\/product\/10473","targetHints":{"allow":["GET"]}}],"collection":[{"href":"https:\/\/tammejuure.ee\/de\/wp-json\/wp\/v2\/product"}],"about":[{"href":"https:\/\/tammejuure.ee\/de\/wp-json\/wp\/v2\/types\/product"}],"wp:featuredmedia":[{"embeddable":true,"href":"https:\/\/tammejuure.ee\/de\/wp-json\/wp\/v2\/media\/14042"}],"wp:attachment":[{"href":"https:\/\/tammejuure.ee\/de\/wp-json\/wp\/v2\/media?parent=10473"}],"wp:term":[{"taxonomy":"product_brand","embeddable":true,"href":"https:\/\/tammejuure.ee\/de\/wp-json\/wp\/v2\/product_brand?post=10473"},{"taxonomy":"product_cat","embeddable":true,"href":"https:\/\/tammejuure.ee\/de\/wp-json\/wp\/v2\/product_cat?post=10473"},{"taxonomy":"product_tag","embeddable":true,"href":"https:\/\/tammejuure.ee\/de\/wp-json\/wp\/v2\/product_tag?post=10473"}],"curies":[{"name":"wp","href":"https:\/\/api.w.org\/{rel}","templated":true}]}}