{"id":80,"date":"2017-05-18T11:07:22","date_gmt":"2017-05-18T08:07:22","guid":{"rendered":"https:\/\/tammejuure.ee\/?page_id=80"},"modified":"2026-01-14T12:14:18","modified_gmt":"2026-01-14T10:14:18","slug":"muugitingimused","status":"publish","type":"page","link":"https:\/\/tammejuure.ee\/de\/muugitingimused\/","title":{"rendered":"AGB und Datenschutzerkl\u00e4rung"},"content":{"rendered":"<h3><strong>Allgemeine Gesch\u00e4ftsbedingungen mit Kundeninformationen (AGB)<\/strong><\/h3>\n<h4><strong>Geltungsbereich und Anbieter\u00a0<\/strong><\/h4>\n<p>Diese Allgemeinen Gesch\u00e4ftsbedingungen gelten f\u00fcr alle Bestellungen, die \u00fcber die Webseite von www.tammejuure.ee, (Ust.-Id-Nr: EE100698749, Registrationsnummer: 10304149), Suure-L\u00e4htru k\u00fcla, Martna vald, L\u00e4\u00e4nemaa 90632, Telefon: +372 53056682, E-Mail:\u00a0tammejuure@tammejuure.ee.<\/p>\n<p>Sie erreichen unseren Kundendienst f\u00fcr Fragen, Reklamationen und Beanstandungen werktags von 09.00 Uhr bis 17.00 Uhr unter der Telefonnummer +372 53056682 sowie per E-Mail unter\u00a0tammejuure@tammejuure.ee<\/p>\n<p>Die Produktdarstellungen im Online-Shop sind unverbindlich und dienen lediglich zur Abgabe eines Kaufangebotes durch den Kunden. Mit Anklicken des Buttons (Jetzt Bestellung kostenpflichtig abschlie\u00dfen) gibt der Kunde ein verbindliches Kaufangebot ab.\u00a0Die in dem\u00a0Online-Shop angezeigten Preise sind in Euro angegeben und enthalten die gesetzliche Mehrwertsteuer.\u00a0Der Verk\u00e4ufer akzeptiert nur die w\u00e4hrend des Bestellvorgangs im Online-Shop angebotenen Zahlungsmethoden. Der Kunde w\u00e4hlt die von ihm bevorzugte Zahlungsart unter den zur Verf\u00fcgung stehenden Zahlungsmethoden selbst aus. Wenn eine Lieferung gegen Vorkasse durch \u00dcberweisung erfolgt, hat der Kunde die Zahlung des Kaufpreises zuz\u00fcglich anfallender Liefer- und Versandkosten vor der Lieferung an den Verk\u00e4ufer zu \u00fcberweisen. Die Lieferung erfolgt nach Eingang des vollst\u00e4ndigen Rechnungsbetrages auf dem Konto des Verk\u00e4ufers.<\/p>\n<p>Der verbindliche Kaufvertrag kommt durch unseren Versand einer Bestellbest\u00e4tigung per E-Mail zustande, sp\u00e4testens jedoch mit Lieferung der bestellten Ware. Unsere Bestellbest\u00e4tigung erfolgt durch automatisierte E-Mail unmittelbar nach dem Abschluss Ihrer Online-Bestellung.<\/p>\n<p>Sollte unsere Bestellbest\u00e4tigung technisch bedingte inhaltliche oder formelle Fehler enthalten, die von den Bestelldaten des Kunden abweichen, so sind wir zum R\u00fccktritt vom Kaufvertrag berechtigt, wobei wir die technisch bedingten Fehler nachweisen m\u00fcssen. Bereits erfolgte Zahlungen werden unverz\u00fcglich erstattet.<\/p>\n<p>Der K\u00e4ufer verpflichtet sich bei Abgabe der Bestellung das erforderliche Mindestalter erreicht zu haben, welches eventuell bei Artikeln mit Altersbeschr\u00e4nkung angezeigt wird.<\/p>\n<p>Sie bekommen Rechnungen und Gutschriften ausschlie\u00dflich in elektronischer Form \u00fcbermittelt.<\/p>\n<p>Die auf den Produktseiten genannten Preise enthalten die gesetzliche Umsatzsteuer und sonstige Preisbestandteile und verstehen sich zzgl.<\/p>\n<h4>Lieferbedingungen und Selbstbelieferungsvorbehalt<\/h4>\n<p>Die Lieferung erfolgt innerhalb Estland mit Omniva.<\/p>\n<p>Die Lieferzeit innerhalb Estland betr\u00e4gt, sofern nicht beim Bestellartikel anders angegeben bis zu 3-7 Tage.<\/p>\n<p>Sollte die Zustellung der Ware durch Ihr Verschulden trotz dreimaligem Auslieferversuch scheitern, k\u00f6nnen wir vom Vertrag zur\u00fccktreten. Ggf. geleistete Zahlungen werden Ihnen unverz\u00fcglich erstattet.<\/p>\n<p>Wenn das bestellte Produkt nicht verf\u00fcgbar ist, weil wir mit diesem Produkt von unseren Lieferanten ohne eigenes Verschulden nicht beliefert werden, k\u00f6nnen wir vom Vertrag zur\u00fccktreten. In diesem Fall werden wir Sie unverz\u00fcglich informieren und Ihnen ggf. die Lieferung eines vergleichbaren Produktes vorschlagen. Wenn kein vergleichbares Produkt verf\u00fcgbar ist oder Sie keine Lieferung eines vergleichbaren Produktes w\u00fcnschen, werden wir Ihnen ggf. bereits erbrachte Gegenleistungen unverz\u00fcglich erstatten.<\/p>\n<h4>Zahlungsbedingunge<\/h4>\n<p>Die Zahlung erfolgt wahlweise per SEPA-Basis-Lastschrift oder Rechnung.<\/p>\n<h4>Eigentumsvorbehalt<\/h4>\n<p>Die Ware bleibt bis zur vollst\u00e4ndigen Zahlung unser Eigentum. Vor \u00dcbergang des Eigentums ist eine Verpf\u00e4ndung, Sicherungs\u00fcbereignung, Verarbeitung oder Umgestaltung ohne unsere Zustimmung nicht gestattet.<\/p>\n<h4>Widerrufsrecht f\u00fcr Verbraucher<\/h4>\n<p>Verbraucher haben ein vierzehnt\u00e4giges Widerrufsrecht. Verbraucher ist jede nat\u00fcrliche Person, die ein Rechtsgesch\u00e4ft zu Zwecken abschlie\u00dft, die \u00fcberwiegend weder ihrer gewerblichen noch ihrer selbst\u00e4ndigen beruflichen T\u00e4tigkeit zugerechnet werden k\u00f6nnen.<\/p>\n<h4><strong>Widerrufsrecht<\/strong><\/h4>\n<p>Sie haben das Recht, binnen vierzehn Tagen ohne Angabe von Gr\u00fcnden diesen Vertrag zu widerrufen. Die Widerrufsfrist betr\u00e4gt vierzehn Tage ab dem Tag an dem Sie oder ein von Ihnen benannter Dritter, der nicht der Bef\u00f6rderer ist, die letzte Ware in Besitz genommen haben bzw. hat.<\/p>\n<p>mittels einer eindeutigen Erkl\u00e4rung (z.B. ein mit der Post versandter Brief oder E-Mail) \u00fcber Ihren Entschluss, diesen Vertrag zu widerrufen, informieren.<\/p>\n<h4><strong>Folgen des Widerrufs<\/strong><\/h4>\n<p>Wenn Sie diesen Vertrag widerrufen, haben wir Ihnen alle Zahlungen, die wir von Ihnen erhalten haben, einschlie\u00dflich der Lieferkosten (mit Ausnahme der zus\u00e4tzlichen Kosten, die sich daraus ergeben, dass Sie eine andere Art der Lieferung als die von uns angebotene, g\u00fcnstige Standardlieferung gew\u00e4hlt haben), unverz\u00fcglich und sp\u00e4testens binnen vierzehn Tagen ab dem Tag zur\u00fcckzuzahlen, an dem die Mitteilung \u00fcber Ihren Widerruf dieses Vertrags bei uns eingegangen ist. F\u00fcr diese R\u00fcckzahlung verwenden wir dasselbe Zahlungsmittel, das Sie bei der urspr\u00fcnglichen Transaktion eingesetzt haben, es sei denn, mit Ihnen wurde ausdr\u00fccklich etwas anderes vereinbart; in keinem Fall werden Ihnen wegen dieser R\u00fcckzahlung Entgelte berechnet. Wir k\u00f6nnen die R\u00fcckzahlung verweigern, bis wir die Waren wieder zur\u00fcckerhalten haben oder bis Sie den Nachweis erbracht haben, dass Sie die Waren zur\u00fcckgesandt haben, je nachdem, welches der fr\u00fchere Zeitpunkt ist.<\/p>\n<p>Sie haben die Waren unverz\u00fcglich und in jedem Fall sp\u00e4testens binnen vierzehn Tagen ab dem Tag, an dem Sie uns \u00fcber den Widerruf dieses Vertrages unterrichten, an uns zur\u00fcckzusenden oder zu \u00fcbergeben. Die Frist ist gewahrt, wenn Sie die Waren vor Ablauf der Frist von vierzehn Tagen absenden. Sie tragen die unmittelbaren Kosten der R\u00fccksendung der Waren. Sie m\u00fcssen f\u00fcr einen etwaigen Wertverlust der Waren nur aufkommen, wenn dieser Wertverlust auf einen zur Pr\u00fcfung der Beschaffenheit, Eigenschaften und Funktionsweise der Waren nicht notwendigen Umgang mit ihnen zur\u00fcckzuf\u00fchren ist.<\/p>\n<h4>Schlussbestimmungen<\/h4>\n<p>Sollte eine Bestimmung dieser Allgemeinen Gesch\u00e4ftsbedingungen unwirksam sein, so bleibt der Vertrag im \u00dcbrigen wirksam. Anstelle der unwirksamen Bestimmung gelten die einschl\u00e4gigen gesetzlichen Vorschriften.<\/p>\n<h3><strong>Datenschutzerkl\u00e4rung<\/strong><\/h3>\n<p>Wir legen gr\u00f6\u00dften Wert auf den Schutz Ihrer Daten und die Wahrung Ihrer Privatsph\u00e4re. Nachstehend informieren wir Sie deshalb \u00fcber die Erhebung und Verwendung pers\u00f6nlicher Daten bei Nutzung unserer Webseite.<\/p>\n<h4><strong>Anonyme Datenerhebung<\/strong><\/h4>\n<p>Sie k\u00f6nnen unsere Webseiten besuchen, ohne Angaben zu Ihrer Person zu machen. Wir speichern in diesem Zusammenhang keinerlei pers\u00f6nliche Daten. Um unser Angebot zu verbessern, werten wir lediglich statistische Daten aus, die keinen R\u00fcckschluss auf Ihre Person erlauben.<\/p>\n<h4><strong>Erhebung und Verarbeitung bei Nutzung des Kontaktformulars<\/strong><\/h4>\n<p>Bei Nutzung des Kontaktformulars erheben wir personenbezogene Daten (Einzelangaben \u00fcber pers\u00f6nliche oder sachliche Verh\u00e4ltnisse einer bestimmten oder bestimmbaren nat\u00fcrlichen Person) nur in dem von Ihnen zur Verf\u00fcgung gestellten Umfang. Ihre E-Mail-Adresse nutzen wir nur zur Bearbeitung Ihrer Anfrage. Ihre Daten werden anschlie\u00dfend gel\u00f6scht, sofern Sie der weitergehenden Verarbeitung und Nutzung nicht zugestimmt haben.<\/p>\n<h4><strong>Erhebung, Verarbeitung und Nutzung personenbezogener Daten<\/strong><\/h4>\n<p>Wir erheben personenbezogene Daten (Einzelangaben \u00fcber pers\u00f6nliche oder sachliche Verh\u00e4ltnisse einer bestimmten oder bestimmbaren nat\u00fcrlichen Person) nur in dem von Ihnen zur Verf\u00fcgung gestellten Umfang.<br \/>\nDie Verarbeitung und Nutzung Ihrer personenbezogenen Daten erfolgt zur Erf\u00fcllung und Abwicklung Ihrer Bestellung sowie zur Bearbeitung Ihrer Anfragen.<br \/>\nNach vollst\u00e4ndiger Vertragsabwicklung werden alle personenbezogenen Daten zun\u00e4chst unter Ber\u00fccksichtigung steuer- und handelsrechtlicher Aufbewahrungsfristen gespeichert und dann nach Fristablauf gel\u00f6scht, sofern Sie der weitergehenden Verarbeitung und Nutzung nicht zugestimmt haben.<\/p>\n<h4><strong>Verwendung der E-Mail-Adresse f\u00fcr die Zusendung von Newslettern<br \/>\n<\/strong><\/h4>\n<p>Wir nutzen Ihre E-Mail-Adresse unabh\u00e4ngig von der Vertragsabwicklung ausschlie\u00dflich f\u00fcr eigene Werbezwecke zum Newsletterversand, sofern Sie dem ausdr\u00fccklich zugestimmt haben.<br \/>\nIhre diesbez\u00fcglich abzugebende Einwilligungserkl\u00e4rung lautet wie folgt:<\/p>\n<p>Ich m\u00f6chte regelm\u00e4\u00dfig per E-Mail \u00fcber interessante Angebote informiert werden.<\/p>\n<p>Sie k\u00f6nnen den Newsletter jederzeit unter Nutzung des entsprechenden Link im Newsletter oder durch Nachricht an uns abbestellen, die Kontaktdaten hierzu finden Sie in unserem Impressum. Ihre E-Mail-Adresse wird danach aus dem Verteiler gel\u00f6scht.<\/p>\n<h4><strong>Verwendung der E-Mail-Adresse f\u00fcr die Zusendung von Direktwerbung<\/strong><\/h4>\n<p>Wir nutzen Ihre E-Mail-Adresse unabh\u00e4ngig von der Vertragsabwicklung ausschlie\u00dflich f\u00fcr eigene Werbezwecke zur \u00dcbersendung von Direktwerbung f\u00fcr eigene \u00e4hnliche Waren oder Dienstleistungen. Sollten Sie hiermit nicht einverstanden sein, k\u00f6nnen Sie der Verwendung jederzeit widersprechen. Der Widerspruch kann mit jedem Kommunikationsmittel, nicht nur per E-Mail, erkl\u00e4rt werden. Er muss uns aber zugehen, um wirksam zu werden. Hierf\u00fcr entstehen keine anderen als die \u00dcbermittlungskosten nach den Basistarifen. Die Kontaktdaten f\u00fcr die Aus\u00fcbung des Widerspruchs finden Sie im Impressum, Sie k\u00f6nnen daf\u00fcr auch den entsprechenden Link im Newsletter nutzen. Ihre E-Mail-Adresse wird danach aus dem Verteiler entfernt.<\/p>\n<h4><strong>Weitergabe personenbezogener Daten<\/strong><\/h4>\n<p>Eine Weitergabe Ihrer Daten an Dritte ohne Ihre ausdr\u00fcckliche Einwilligung erfolgt nicht. Ausgenommen hiervon sind lediglich unsere Dienstleistungspartner, die wir zur Abwicklung des Vertragsverh\u00e4ltnisses ben\u00f6tigen. In diesen F\u00e4llen beachten wir strikt die Vorgaben des Bundesdatenschutzgesetzes. Der Umfang der Daten\u00fcbermittlung beschr\u00e4nkt sich auf ein Mindestma\u00df.<\/p>\n","protected":false},"excerpt":{"rendered":"<p>Allgemeine Gesch\u00e4ftsbedingungen mit Kundeninformationen (AGB) Geltungsbereich und Anbieter\u00a0 Diese Allgemeinen Gesch\u00e4ftsbedingungen gelten f\u00fcr alle Bestellungen, die \u00fcber die Webseite von www.tammejuure.ee, (Ust.-Id-Nr: EE100698749, Registrationsnummer: 10304149), Suure-L\u00e4htru k\u00fcla, Martna vald, L\u00e4\u00e4nemaa 90632, Telefon: +372 53056682, E-Mail:\u00a0tammejuure@tammejuure.ee. Sie erreichen unseren Kundendienst f\u00fcr Fragen, Reklamationen und Beanstandungen werktags von 09.00 Uhr bis 17.00 &hellip; <\/p>\n","protected":false},"author":3,"featured_media":0,"parent":0,"menu_order":0,"comment_status":"closed","ping_status":"closed","template":"","meta":{"footnotes":""},"class_list":["post-80","page","type-page","status-publish","hentry"],"_links":{"self":[{"href":"https:\/\/tammejuure.ee\/de\/wp-json\/wp\/v2\/pages\/80","targetHints":{"allow":["GET"]}}],"collection":[{"href":"https:\/\/tammejuure.ee\/de\/wp-json\/wp\/v2\/pages"}],"about":[{"href":"https:\/\/tammejuure.ee\/de\/wp-json\/wp\/v2\/types\/page"}],"author":[{"embeddable":true,"href":"https:\/\/tammejuure.ee\/de\/wp-json\/wp\/v2\/users\/3"}],"replies":[{"embeddable":true,"href":"https:\/\/tammejuure.ee\/de\/wp-json\/wp\/v2\/comments?post=80"}],"version-history":[{"count":53,"href":"https:\/\/tammejuure.ee\/de\/wp-json\/wp\/v2\/pages\/80\/revisions"}],"predecessor-version":[{"id":42399,"href":"https:\/\/tammejuure.ee\/de\/wp-json\/wp\/v2\/pages\/80\/revisions\/42399"}],"wp:attachment":[{"href":"https:\/\/tammejuure.ee\/de\/wp-json\/wp\/v2\/media?parent=80"}],"curies":[{"name":"wp","href":"https:\/\/api.w.org\/{rel}","templated":true}]}}