{"id":183,"date":"2017-05-27T17:18:31","date_gmt":"2017-05-27T14:18:31","guid":{"rendered":"https:\/\/tammejuure.ee\/?page_id=183"},"modified":"2025-10-29T11:04:41","modified_gmt":"2025-10-29T09:04:41","slug":"kontakt","status":"publish","type":"page","link":"https:\/\/tammejuure.ee\/de\/kontakt\/","title":{"rendered":"Kontakt"},"content":{"rendered":"<p class=\"qtranxs-available-languages-message qtranxs-available-languages-message-de\">Leider ist der Eintrag nur auf <a href=\"https:\/\/tammejuure.ee\/et\/wp-json\/wp\/v2\/pages\/183\" class=\"qtranxs-available-language-link qtranxs-available-language-link-et\" title=\"Eesti\">Eesti<\/a> und <a href=\"https:\/\/tammejuure.ee\/en\/wp-json\/wp\/v2\/pages\/183\" class=\"qtranxs-available-language-link qtranxs-available-language-link-en\" title=\"English\">English<\/a> verf\u00fcgbar.<\/p>","protected":false},"excerpt":{"rendered":"<p>Kontakt: Tammejuure Talu Telephone: +372 53056682 E-Mail: tammejuure@tammejuure.ee Address: Suure-L\u00e4htru Dorf, L\u00e4\u00e4ne-Nigula Gemeinde, L\u00e4\u00e4nemaa, 90632 Estland Finden sie uns hier:<\/p>\n","protected":false},"author":3,"featured_media":0,"parent":0,"menu_order":0,"comment_status":"closed","ping_status":"closed","template":"","meta":{"footnotes":""},"class_list":["post-183","page","type-page","status-publish","hentry"],"_links":{"self":[{"href":"https:\/\/tammejuure.ee\/de\/wp-json\/wp\/v2\/pages\/183","targetHints":{"allow":["GET"]}}],"collection":[{"href":"https:\/\/tammejuure.ee\/de\/wp-json\/wp\/v2\/pages"}],"about":[{"href":"https:\/\/tammejuure.ee\/de\/wp-json\/wp\/v2\/types\/page"}],"author":[{"embeddable":true,"href":"https:\/\/tammejuure.ee\/de\/wp-json\/wp\/v2\/users\/3"}],"replies":[{"embeddable":true,"href":"https:\/\/tammejuure.ee\/de\/wp-json\/wp\/v2\/comments?post=183"}],"version-history":[{"count":57,"href":"https:\/\/tammejuure.ee\/de\/wp-json\/wp\/v2\/pages\/183\/revisions"}],"predecessor-version":[{"id":41864,"href":"https:\/\/tammejuure.ee\/de\/wp-json\/wp\/v2\/pages\/183\/revisions\/41864"}],"wp:attachment":[{"href":"https:\/\/tammejuure.ee\/de\/wp-json\/wp\/v2\/media?parent=183"}],"curies":[{"name":"wp","href":"https:\/\/api.w.org\/{rel}","templated":true}]}}