{"id":178,"date":"2017-05-27T17:08:35","date_gmt":"2017-05-27T14:08:35","guid":{"rendered":"https:\/\/tammejuure.ee\/?page_id=178"},"modified":"2026-02-18T13:50:20","modified_gmt":"2026-02-18T11:50:20","slug":"meist","status":"publish","type":"page","link":"https:\/\/tammejuure.ee\/de\/meist\/","title":{"rendered":"\u00dcber uns"},"content":{"rendered":"<p>Tammejuure \u00f6kologische Bauernwirtschaft ist der bekannteste Hanfbauernhof in Estland. Mit der Zucht \u00a0des \u00d6lhanfs haben wir uns schon 15 Jahre besch\u00e4ftigt, landwirtschaftliche Erfahrungen haben wir schon 36 Jahre, ein \u00f6kologisches Zertifikat haben wir seit 2001. Wir kultivieren Weizen, Hafer, Erbsen, R\u00fcbsen, Hanf, Mohn und wir experimentieren manchmal mit neuen Kulturen.<\/p>\n<p>Wir produzieren kaltgepresstes Hanf\u00f6l, R\u00fcbsen\u00f6l, eiwei\u03b2reiches Hanfmehl, knusprige Hanfsamen, beruhigende Hanftee , gespannte Hanf Spa-Cr\u00e8me, Steinfr\u00e4se Vollkorn Weizenmehl und Hartweizengrie\u00df. Wir machen es alles vom im eigenen Land entstandenem Ausgangsmaterial (Hanfsamen) und mit eigenen Ger\u00e4te. Unsere Bauernwirtschaft hat viele Preise gewonnen f\u00fcr unsere qualitative und leckere Produkte!<\/p>\n<div style=\"width: 750px;\" class=\"wp-video\"><video class=\"wp-video-shortcode\" id=\"video-178-1\" width=\"750\" height=\"375\" preload=\"metadata\" controls=\"controls\"><source type=\"video\/mp4\" src=\"https:\/\/tammejuure.ee\/wp-content\/uploads\/2020\/06\/Tammejuure-Mahetalu.mp4?_=1\" \/><a href=\"https:\/\/tammejuure.ee\/wp-content\/uploads\/2020\/06\/Tammejuure-Mahetalu.mp4\">https:\/\/tammejuure.ee\/wp-content\/uploads\/2020\/06\/Tammejuure-Mahetalu.mp4<\/a><\/video><\/div>\n","protected":false},"excerpt":{"rendered":"<p>Tammejuure \u00f6kologische Bauernwirtschaft ist der bekannteste Hanfbauernhof in Estland. Mit der Zucht \u00a0des \u00d6lhanfs haben wir uns schon 15 Jahre besch\u00e4ftigt, landwirtschaftliche Erfahrungen haben wir schon 36 Jahre, ein \u00f6kologisches Zertifikat haben wir seit 2001. Wir kultivieren Weizen, Hafer, Erbsen, R\u00fcbsen, Hanf, Mohn und wir experimentieren manchmal mit neuen Kulturen. &hellip; <\/p>\n","protected":false},"author":3,"featured_media":20538,"parent":0,"menu_order":0,"comment_status":"closed","ping_status":"closed","template":"","meta":{"footnotes":""},"class_list":["post-178","page","type-page","status-publish","has-post-thumbnail","hentry"],"_links":{"self":[{"href":"https:\/\/tammejuure.ee\/de\/wp-json\/wp\/v2\/pages\/178","targetHints":{"allow":["GET"]}}],"collection":[{"href":"https:\/\/tammejuure.ee\/de\/wp-json\/wp\/v2\/pages"}],"about":[{"href":"https:\/\/tammejuure.ee\/de\/wp-json\/wp\/v2\/types\/page"}],"author":[{"embeddable":true,"href":"https:\/\/tammejuure.ee\/de\/wp-json\/wp\/v2\/users\/3"}],"replies":[{"embeddable":true,"href":"https:\/\/tammejuure.ee\/de\/wp-json\/wp\/v2\/comments?post=178"}],"version-history":[{"count":62,"href":"https:\/\/tammejuure.ee\/de\/wp-json\/wp\/v2\/pages\/178\/revisions"}],"predecessor-version":[{"id":42737,"href":"https:\/\/tammejuure.ee\/de\/wp-json\/wp\/v2\/pages\/178\/revisions\/42737"}],"wp:featuredmedia":[{"embeddable":true,"href":"https:\/\/tammejuure.ee\/de\/wp-json\/wp\/v2\/media\/20538"}],"wp:attachment":[{"href":"https:\/\/tammejuure.ee\/de\/wp-json\/wp\/v2\/media?parent=178"}],"curies":[{"name":"wp","href":"https:\/\/api.w.org\/{rel}","templated":true}]}}